{"id":4000,"date":"2024-03-19T11:10:07","date_gmt":"2024-03-19T09:10:07","guid":{"rendered":"https:\/\/eutopiasifnos.com\/deluxe-room\/"},"modified":"2024-11-15T12:05:23","modified_gmt":"2024-11-15T10:05:23","slug":"deluxe-room","status":"publish","type":"page","link":"https:\/\/eutopiasifnos.com\/fr\/deluxe-room\/","title":{"rendered":"Deluxe Room"},"content":{"rendered":"<div class=\"wpb-content-wrapper\"><p>[vc_row full_width=\u00a0\u00bbstretch_row_content_no_spaces\u00a0\u00bb el_class=\u00a0\u00bbd-none d-md-block\u00a0\u00bb][vc_column]<div class=\"ult-content-box-container main-slider\" >\t\t<div class=\"ult-content-box\" style=\"box-shadow: px px px px none;-webkit-transition: all 700ms ease;-moz-transition: all 700ms ease;-ms-transition: all 700ms ease;-o-transition: all 700ms ease;transition: all 700ms ease;\"  data-hover_box_shadow=\"none\"    >[vc_single_image image=\u00a0\u00bb4222&Prime; img_size=\u00a0\u00bb1920 x 930&Prime; css=\u00a0\u00bb\u00a0\u00bb]<div class=\"ult-animation main-slider_text ult-animate-viewport  ult-no-mobile \" data-animate=\"No Animation\" data-animation-delay=\"0\" data-animation-duration=\"3\" data-animation-iteration=\"1\" style=\"opacity:0;\" data-opacity_start_effect=\"\">[vc_column_text el_class=\u00a0\u00bbmega-title\u00a0\u00bb]Deluxe Room[\/vc_column_text]<\/div>\t\t<\/div><\/div>[\/vc_column][\/vc_row][vc_row full_width=\u00a0\u00bbstretch_row_content_no_spaces\u00a0\u00bb el_class=\u00a0\u00bbd-block d-md-none\u00a0\u00bb][vc_column]<div class=\"ult-content-box-container main-slider\" >\t\t<div class=\"ult-content-box\" style=\"box-shadow: px px px px none;-webkit-transition: all 700ms ease;-moz-transition: all 700ms ease;-ms-transition: all 700ms ease;-o-transition: all 700ms ease;transition: all 700ms ease;\"  data-hover_box_shadow=\"none\"    >[vc_single_image image=\u00a0\u00bb4216&Prime; img_size=\u00a0\u00bbfull\u00a0\u00bb css=\u00a0\u00bb\u00a0\u00bb]<div class=\"ult-animation main-slider_text ult-animate-viewport  ult-no-mobile \" data-animate=\"No Animation\" data-animation-delay=\"0\" data-animation-duration=\"3\" data-animation-iteration=\"1\" style=\"opacity:0;\" data-opacity_start_effect=\"\">[vc_column_text el_class=\u00a0\u00bbmega-title\u00a0\u00bb]Deluxe Room[\/vc_column_text]<\/div>\t\t<\/div><\/div>[\/vc_column][\/vc_row][vc_row el_class=\u00a0\u00bbinternal-pages general-room\u00a0\u00bb][vc_column][vc_column_text css=\u00a0\u00bb\u00a0\u00bb el_class=\u00a0\u00bbgeneral-mega-title\u00a0\u00bb]<\/p>\n<p style=\"text-align: center;\">Deluxe Triple Rooms with Sea View<\/p>\n<p>[\/vc_column_text][vc_column_text css=\u00a0\u00bb\u00a0\u00bb el_class=\u00a0\u00bbgeneral-description\u00a0\u00bb]<\/p>\n<p style=\"text-align: center;\">Chambres triples confortables, spacieuses et \u00e9l\u00e9gantes, con\u00e7ues avec des espaces comprenant un lit queen-size, une salle de bains moderne avec douche et des vues uniques depuis les balcons donnant sur le littoral de Vathi et la mer.<\/p>\n<p>[\/vc_column_text][vc_row_inner disable_element=\u00a0\u00bbyes\u00a0\u00bb el_class=\u00a0\u00bbtwo-paragraphs\u00a0\u00bb][vc_column_inner width=\u00a0\u00bb1\/2&Prime;][vc_column_text el_class=\u00a0\u00bbgeneral-title\u00a0\u00bb]Lorem ipsum dolor sit amet, consectetur adipiscing elit. Proin quis aliquet metus. Praesent semper blandit ipsum a viverra. Nullam non turpis diam. Ut consequat porttitor odio, sit amet hendrerit justo rutrum sed. Cras condimentum nisi vitae dui feugiat, nec vulputate lorem venenatis. Donec porta posuere tortor, et congue quam ultricies at. Donec quis ultrices felis. Fusce vestibulum placerat nisl, vel dictum sapien suscipit ut.[\/vc_column_text][\/vc_column_inner][vc_column_inner el_class=\u00a0\u00bbcontent-column\u00a0\u00bb width=\u00a0\u00bb1\/2&Prime;][vc_column_text el_class=\u00a0\u00bbgeneral-title\u00a0\u00bb]Lorem ipsum dolor sit amet, consectetur adipiscing elit. Proin quis aliquet metus. Praesent semper blandit ipsum a viverra. Nullam non turpis diam. Ut consequat porttitor odio, sit amet hendrerit justo rutrum sed. Cras condimentum nisi vitae dui feugiat, nec vulputate lorem venenatis. Donec porta posuere tortor, et congue quam ultricies at. Donec quis ultrices felis. Fusce vestibulum placerat nisl, vel dictum sapien suscipit ut.[\/vc_column_text][\/vc_column_inner][\/vc_row_inner][vc_column_text css=\u00a0\u00bb\u00a0\u00bb el_class=\u00a0\u00bbgeneral-title\u00a0\u00bb]<\/p>\n<p style=\"text-align: center;\">CAPACIT\u00c9<\/p>\n<p>[\/vc_column_text][vc_column_text css=\u00a0\u00bb\u00a0\u00bb el_class=\u00a0\u00bbroom info people three-people\u00a0\u00bb]<\/p>\n<p style=\"text-align: center;\">3 personnes<\/p>\n<p>[\/vc_column_text][vc_column_text css=\u00a0\u00bb\u00a0\u00bb el_class=\u00a0\u00bbgeneral-title\u00a0\u00bb]<\/p>\n<p style=\"text-align: center;\">TAILLE<\/p>\n<p>[\/vc_column_text][vc_column_text css=\u00a0\u00bb\u00a0\u00bb el_class=\u00a0\u00bbroom info square-kilometers\u00a0\u00bb]<\/p>\n<p style=\"text-align: center;\">37\u039c<\/p>\n<p>[\/vc_column_text]<span id=\"creative-link-wrap-5405\" class=\"ult_main_cl ult-adjust-bottom-margin button-w-icon \" >\n\t \t\t\t<span class=\"  ult_crlink\" >\n\t\t\t\t\t<a  data-ultimate-target='#creative-link-wrap-5405 .ult_colorlink'  data-responsive-json-new='{\"font-size\":\"\",\"line-height\":\"\"}'  href=\"https:\/\/eutopiasifnos.reserve-online.net\/\" target=\"_blank\" rel=\"noopener\"  class=\"ult_colorlink ult-responsive \" style=\"font-weight:normal; \"  data-textcolor=\"#333333\" data-texthover=\"#333333\"data-style=\"\">\n\t\t\t\t\t\t\n\t\t\t\t\t\t<span data-hover=\"BOOK NOW\" style=\"color:#333333;;;\" class=\"ult_btn10_span   \">BOOK NOW<\/span>\n\t\t\t\t\t\t\n\t\t\t\t\t<\/a>\n\t\t\t\t<\/span>\n\t\t\t<\/span>[\/vc_column][\/vc_row][vc_row el_class=\u00a0\u00bbinternal-pages\u00a0\u00bb][vc_column][vc_row_inner el_class=\u00a0\u00bbtwo-images\u00a0\u00bb][vc_column_inner width=\u00a0\u00bb1\/2&Prime;][vc_single_image image=\u00a0\u00bb4216&Prime; img_size=\u00a0\u00bbfull\u00a0\u00bb css=\u00a0\u00bb\u00a0\u00bb el_class=\u00a0\u00bbcropped-bottom-right\u00a0\u00bb][\/vc_column_inner][vc_column_inner width=\u00a0\u00bb1\/2&Prime;][vc_single_image image=\u00a0\u00bb4219&Prime; img_size=\u00a0\u00bbfull\u00a0\u00bb css=\u00a0\u00bb\u00a0\u00bb][\/vc_column_inner][\/vc_row_inner][\/vc_column][\/vc_row][vc_row el_class=\u00a0\u00bbinternal-pages room facilities\u00a0\u00bb][vc_column][vc_column_text css=\u00a0\u00bb\u00a0\u00bb el_class=\u00a0\u00bbgeneral-mega-title\u00a0\u00bb]<\/p>\n<p style=\"text-align: center;\">\u00c9quipements des chambres<\/p>\n<p>[\/vc_column_text][vc_row_inner el_class=\u00a0\u00bbborder-bottom-brown\u00a0\u00bb][vc_column_inner width=\u00a0\u00bb1\/3&Prime;][vc_column_text css=\u00a0\u00bb\u00a0\u00bb el_class=\u00a0\u00bbgeneral-title one\u00a0\u00bb]Meubles modernes[\/vc_column_text][\/vc_column_inner][vc_column_inner el_class=\u00a0\u00bbcontent-column\u00a0\u00bb width=\u00a0\u00bb1\/3&Prime;][vc_column_text css=\u00a0\u00bb\u00a0\u00bb el_class=\u00a0\u00bbgeneral-title two\u00a0\u00bb]Matelas anatomiques[\/vc_column_text][\/vc_column_inner][vc_column_inner width=\u00a0\u00bb1\/3&Prime;][vc_column_text css=\u00a0\u00bb\u00a0\u00bb el_class=\u00a0\u00bbgeneral-title three\u00a0\u00bb]Armoire[\/vc_column_text][\/vc_column_inner][\/vc_row_inner][vc_row_inner el_class=\u00a0\u00bbborder-bottom-brown\u00a0\u00bb][vc_column_inner width=\u00a0\u00bb1\/3&Prime;][vc_column_text css=\u00a0\u00bb\u00a0\u00bb el_class=\u00a0\u00bbgeneral-title four\u00a0\u00bb]Draps et serviettes de luxe[\/vc_column_text][\/vc_column_inner][vc_column_inner el_class=\u00a0\u00bbcontent-column\u00a0\u00bb width=\u00a0\u00bb1\/3&Prime;][vc_column_text css=\u00a0\u00bb\u00a0\u00bb el_class=\u00a0\u00bbgeneral-title five\u00a0\u00bb]Service de m\u00e9nage quotidien[\/vc_column_text][\/vc_column_inner][vc_column_inner width=\u00a0\u00bb1\/3&Prime;][vc_column_text css=\u00a0\u00bb\u00a0\u00bb el_class=\u00a0\u00bbgeneral-title six\u00a0\u00bb]Climatisation[\/vc_column_text][\/vc_column_inner][\/vc_row_inner][vc_row_inner el_class=\u00a0\u00bbborder-bottom-brown\u00a0\u00bb][vc_column_inner width=\u00a0\u00bb1\/3&Prime;][vc_column_text css=\u00a0\u00bb\u00a0\u00bb el_class=\u00a0\u00bbgeneral-title seven\u00a0\u00bb]Coffre-fort[\/vc_column_text][\/vc_column_inner][vc_column_inner el_class=\u00a0\u00bbcontent-column\u00a0\u00bb width=\u00a0\u00bb1\/3&Prime;][vc_column_text css=\u00a0\u00bb\u00a0\u00bb el_class=\u00a0\u00bbgeneral-title eight\u00a0\u00bb]Mini-r\u00e9frig\u00e9rateur[\/vc_column_text][\/vc_column_inner][vc_column_inner width=\u00a0\u00bb1\/3&Prime;][vc_column_text css=\u00a0\u00bb\u00a0\u00bb el_class=\u00a0\u00bbgeneral-title nine\u00a0\u00bb]Machine \u00e0 caf\u00e9 Nespresso[\/vc_column_text][\/vc_column_inner][\/vc_row_inner][vc_row_inner el_class=\u00a0\u00bbborder-bottom-brown\u00a0\u00bb][vc_column_inner width=\u00a0\u00bb1\/3&Prime;][vc_column_text css=\u00a0\u00bb\u00a0\u00bb el_class=\u00a0\u00bbgeneral-title ten\u00a0\u00bb]Salle de bain avec douche[\/vc_column_text][\/vc_column_inner][vc_column_inner el_class=\u00a0\u00bbcontent-column\u00a0\u00bb width=\u00a0\u00bb1\/3&Prime;][vc_column_text css=\u00a0\u00bb\u00a0\u00bb el_class=\u00a0\u00bbgeneral-title eleven\u00a0\u00bb]S\u00e8che-cheveux[\/vc_column_text][\/vc_column_inner][vc_column_inner width=\u00a0\u00bb1\/3&Prime;][vc_column_text css=\u00a0\u00bb\u00a0\u00bb el_class=\u00a0\u00bbgeneral-title twelve\u00a0\u00bb]Peignoirs et pantoufles[\/vc_column_text][\/vc_column_inner][\/vc_row_inner][vc_row_inner el_class=\u00a0\u00bbborder-bottom-brown\u00a0\u00bb][vc_column_inner width=\u00a0\u00bb1\/3&Prime;][vc_column_text css=\u00a0\u00bb\u00a0\u00bb el_class=\u00a0\u00bbgeneral-title thirteen\u00a0\u00bb]Produits de soins personnels de marque[\/vc_column_text][\/vc_column_inner][vc_column_inner el_class=\u00a0\u00bbcontent-column\u00a0\u00bb width=\u00a0\u00bb1\/3&Prime;][vc_column_text css=\u00a0\u00bb\u00a0\u00bb el_class=\u00a0\u00bbgeneral-title fourteen\u00a0\u00bb]T\u00e9l\u00e9vision par satellite \u00e0 \u00e9cran plat[\/vc_column_text][\/vc_column_inner][vc_column_inner width=\u00a0\u00bb1\/3&Prime;][vc_column_text css=\u00a0\u00bb\u00a0\u00bb el_class=\u00a0\u00bbgeneral-title fifteen\u00a0\u00bb]Wi-Fi gratuit[\/vc_column_text][\/vc_column_inner][\/vc_row_inner][vc_row_inner el_class=\u00a0\u00bbborder-bottom-brown last-line\u00a0\u00bb][vc_column_inner width=\u00a0\u00bb1\/3&Prime;][vc_column_text css=\u00a0\u00bb\u00a0\u00bb el_class=\u00a0\u00bbgeneral-title sixteen\u00a0\u00bb]Balcon avec vue sur mer[\/vc_column_text][\/vc_column_inner][vc_column_inner el_class=\u00a0\u00bbcontent-column\u00a0\u00bb width=\u00a0\u00bb1\/3&Prime;][\/vc_column_inner][vc_column_inner width=\u00a0\u00bb1\/3&Prime;][\/vc_column_inner][\/vc_row_inner][\/vc_column][\/vc_row][vc_row el_class=\u00a0\u00bbroom sifnos-carousel\u00a0\u00bb][vc_column]<div id=\"ult-carousel-373034100769f5c36f4e4c3\" class=\"ult-carousel-wrapper   ult_horizontal\" data-gutter=\"15\" data-rtl=\"false\" ><div class=\"ult-carousel-62708633769f5c36f4e479 \" >[vc_single_image image=\u00a0\u00bb4263&Prime; img_size=\u00a0\u00bb1631&Prime; css=\u00a0\u00bb\u00a0\u00bb][vc_single_image image=\u00a0\u00bb4225&Prime; img_size=\u00a0\u00bb1631&Prime; css=\u00a0\u00bb\u00a0\u00bb][vc_single_image image=\u00a0\u00bb4231&Prime; img_size=\u00a0\u00bb1631&Prime; css=\u00a0\u00bb\u00a0\u00bb][vc_single_image image=\u00a0\u00bb4234&Prime; img_size=\u00a0\u00bb1631&Prime; css=\u00a0\u00bb\u00a0\u00bb]<\/div><\/div>\t\t\t<script type=\"text\/javascript\">\n\t\t\t\tjQuery(document).ready(function ($) {\n\t\t\t\t\tif( typeof jQuery('.ult-carousel-62708633769f5c36f4e479').slick == \"function\"){\n\t\t\t\t\t\t$('.ult-carousel-62708633769f5c36f4e479').slick({dots: true,autoplay: true,autoplaySpeed: \"5000\",speed: \"300\",infinite: true,arrows: false,slidesToScroll:1,slidesToShow:1,swipe: true,draggable: true,touchMove: true,pauseOnHover: true,pauseOnFocus: false,responsive: [\n\t\t\t\t\t\t\t{\n\t\t\t\t\t\t\t  breakpoint: 1026,\n\t\t\t\t\t\t\t  settings: {\n\t\t\t\t\t\t\t\tslidesToShow: 1,\n\t\t\t\t\t\t\t\tslidesToScroll: 1,  \n\t\t\t\t\t\t\t  }\n\t\t\t\t\t\t\t},\n\t\t\t\t\t\t\t{\n\t\t\t\t\t\t\t  breakpoint: 1025,\n\t\t\t\t\t\t\t  settings: {\n\t\t\t\t\t\t\t\tslidesToShow: 1,\n\t\t\t\t\t\t\t\tslidesToScroll: 1\n\t\t\t\t\t\t\t  }\n\t\t\t\t\t\t\t},\n\t\t\t\t\t\t\t{\n\t\t\t\t\t\t\t  breakpoint: 760,\n\t\t\t\t\t\t\t  settings: {\n\t\t\t\t\t\t\t\tslidesToShow: 1,\n\t\t\t\t\t\t\t\tslidesToScroll: 1\n\t\t\t\t\t\t\t  }\n\t\t\t\t\t\t\t}\n\t\t\t\t\t\t],pauseOnDotsHover: true,customPaging: function(slider, i) {\n                   return '<i type=\"button\" style= \"color:#333333;\" class=\"ultsl-stop\" data-role=\"none\"><\/i>';\n                },});\n\t\t\t\t\t}\n\t\t\t\t});\n\t\t\t<\/script>\n\t\t\t[\/vc_column][\/vc_row][vc_row full_width=\u00a0\u00bbstretch_row_content_no_spaces\u00a0\u00bb bg_type=\u00a0\u00bbbg_color\u00a0\u00bb el_class=\u00a0\u00bbleft-right-buttons\u00a0\u00bb bg_color_value=\u00a0\u00bb#e2d9cc\u00a0\u00bb][vc_column][vc_row_inner el_class=\u00a0\u00bbcustom-width\u00a0\u00bb][vc_column_inner el_class=\u00a0\u00bbleft-column\u00a0\u00bb width=\u00a0\u00bb1\/2&Prime;]<span id=\"creative-link-wrap-6006\" class=\"ult_main_cl ult-adjust-bottom-margin page-button left \" >\n\t \t\t\t<span class=\"  ult_crlink\" >\n\t\t\t\t\t<a  data-ultimate-target='#creative-link-wrap-6006 .ult_colorlink'  data-responsive-json-new='{\"font-size\":\"\",\"line-height\":\"\"}'  href=\"\/en\/executive-suite\/\"  class=\"ult_colorlink ult-responsive \" style=\"float:left;font-weight:normal; \"  data-textcolor=\"#614f36\" data-texthover=\"#333333\"data-style=\"\">\n\t\t\t\t\t\t\n\t\t\t\t\t\t<span data-hover=\"Executive Suite\" style=\"color:#614f36;;;\" class=\"ult_btn10_span   \">Executive Suite<\/span>\n\t\t\t\t\t\t\n\t\t\t\t\t<\/a>\n\t\t\t\t<\/span>\n\t\t\t<\/span>[\/vc_column_inner][vc_column_inner el_class=\u00a0\u00bbright-column\u00a0\u00bb width=\u00a0\u00bb1\/2&Prime;]<span id=\"creative-link-wrap-4441\" class=\"ult_main_cl ult-adjust-bottom-margin page-button right \" >\n\t \t\t\t<span class=\"  ult_crlink\" >\n\t\t\t\t\t<a  data-ultimate-target='#creative-link-wrap-4441 .ult_colorlink'  data-responsive-json-new='{\"font-size\":\"\",\"line-height\":\"\"}'  href=\"\/en\/superior-suite\/\" title=\"Superior Suite\"  class=\"ult_colorlink ult-responsive \" style=\"float:right;font-weight:normal; \"  data-textcolor=\"#614f36\" data-texthover=\"#333333\"data-style=\"\">\n\t\t\t\t\t\t\n\t\t\t\t\t\t<span data-hover=\"Superior Suite\" style=\"color:#614f36;;;\" class=\"ult_btn10_span   \">Superior Suite<\/span>\n\t\t\t\t\t\t\n\t\t\t\t\t<\/a>\n\t\t\t\t<\/span>\n\t\t\t<\/span>[\/vc_column_inner][\/vc_row_inner][\/vc_column][\/vc_row]<\/p>\n<\/div>","protected":false},"excerpt":{"rendered":"<p>[vc_row full_width=\u00a0\u00bbstretch_row_content_no_spaces\u00a0\u00bb el_class=\u00a0\u00bbd-none d-md-block\u00a0\u00bb][vc_column][\/vc_column][\/vc_row][vc_row full_width=\u00a0\u00bbstretch_row_content_no_spaces\u00a0\u00bb el_class=\u00a0\u00bbd-block d-md-none\u00a0\u00bb][vc_column][\/vc_column][\/vc_row][vc_row el_class=\u00a0\u00bbinternal-pages general-room\u00a0\u00bb][vc_column][vc_column_text css=\u00a0\u00bb\u00a0\u00bb el_class=\u00a0\u00bbgeneral-mega-title\u00a0\u00bb] Deluxe Triple Rooms with Sea View [\/vc_column_text][vc_column_text css=\u00a0\u00bb\u00a0\u00bb el_class=\u00a0\u00bbgeneral-description\u00a0\u00bb] Chambres triples confortables, spacieuses et \u00e9l\u00e9gantes, con\u00e7ues avec des espaces comprenant un lit queen-size, une salle de bains moderne avec douche et des vues uniques depuis les balcons donnant sur le littoral de Vathi et [&hellip;]<\/p>\n","protected":false},"author":1,"featured_media":0,"parent":0,"menu_order":0,"comment_status":"closed","ping_status":"closed","template":"","meta":{"_acf_changed":false,"inline_featured_image":false,"footnotes":""},"class_list":["post-4000","page","type-page","status-publish","hentry"],"acf":[],"yoast_head":"<!-- This site is optimized with the Yoast SEO plugin v26.9 - https:\/\/yoast.com\/product\/yoast-seo-wordpress\/ -->\n<title>Deluxe Room - Eutopia Suites<\/title>\n<meta name=\"robots\" content=\"index, follow, max-snippet:-1, max-image-preview:large, max-video-preview:-1\" \/>\n<link rel=\"canonical\" href=\"https:\/\/eutopiasifnos.com\/fr\/deluxe-room\/\" \/>\n<meta property=\"og:locale\" content=\"fr_FR\" \/>\n<meta property=\"og:type\" content=\"article\" \/>\n<meta property=\"og:title\" content=\"Deluxe Room - Eutopia Suites\" \/>\n<meta property=\"og:description\" content=\"[vc_row full_width=\u00a0\u00bbstretch_row_content_no_spaces\u00a0\u00bb el_class=\u00a0\u00bbd-none d-md-block\u00a0\u00bb][vc_column][\/vc_column][\/vc_row][vc_row full_width=\u00a0\u00bbstretch_row_content_no_spaces\u00a0\u00bb el_class=\u00a0\u00bbd-block d-md-none\u00a0\u00bb][vc_column][\/vc_column][\/vc_row][vc_row el_class=\u00a0\u00bbinternal-pages general-room\u00a0\u00bb][vc_column][vc_column_text css=\u00a0\u00bb\u00a0\u00bb el_class=\u00a0\u00bbgeneral-mega-title\u00a0\u00bb] Deluxe Triple Rooms with Sea View [\/vc_column_text][vc_column_text css=\u00a0\u00bb\u00a0\u00bb el_class=\u00a0\u00bbgeneral-description\u00a0\u00bb] Chambres triples confortables, spacieuses et \u00e9l\u00e9gantes, con\u00e7ues avec des espaces comprenant un lit queen-size, une salle de bains moderne avec douche et des vues uniques depuis les balcons donnant sur le littoral de Vathi et [&hellip;]\" \/>\n<meta property=\"og:url\" content=\"https:\/\/eutopiasifnos.com\/fr\/deluxe-room\/\" \/>\n<meta property=\"og:site_name\" content=\"Eutopia Suites\" \/>\n<meta property=\"article:modified_time\" content=\"2024-11-15T10:05:23+00:00\" \/>\n<meta name=\"twitter:card\" content=\"summary_large_image\" \/>\n<meta name=\"twitter:label1\" content=\"Dur\u00e9e de lecture estim\u00e9e\" \/>\n\t<meta name=\"twitter:data1\" content=\"4 minutes\" \/>\n<script type=\"application\/ld+json\" class=\"yoast-schema-graph\">{\"@context\":\"https:\/\/schema.org\",\"@graph\":[{\"@type\":\"WebPage\",\"@id\":\"https:\/\/eutopiasifnos.com\/fr\/deluxe-room\/\",\"url\":\"https:\/\/eutopiasifnos.com\/fr\/deluxe-room\/\",\"name\":\"Deluxe Room - Eutopia Suites\",\"isPartOf\":{\"@id\":\"https:\/\/eutopiasifnos.com\/#website\"},\"datePublished\":\"2024-03-19T09:10:07+00:00\",\"dateModified\":\"2024-11-15T10:05:23+00:00\",\"breadcrumb\":{\"@id\":\"https:\/\/eutopiasifnos.com\/fr\/deluxe-room\/#breadcrumb\"},\"inLanguage\":\"fr-FR\",\"potentialAction\":[{\"@type\":\"ReadAction\",\"target\":[\"https:\/\/eutopiasifnos.com\/fr\/deluxe-room\/\"]}]},{\"@type\":\"BreadcrumbList\",\"@id\":\"https:\/\/eutopiasifnos.com\/fr\/deluxe-room\/#breadcrumb\",\"itemListElement\":[{\"@type\":\"ListItem\",\"position\":1,\"name\":\"\u0391\u03c1\u03c7\u03b9\u03ba\u03ae\",\"item\":\"https:\/\/eutopiasifnos.com\/fr\/\"},{\"@type\":\"ListItem\",\"position\":2,\"name\":\"Deluxe Room\"}]},{\"@type\":\"WebSite\",\"@id\":\"https:\/\/eutopiasifnos.com\/#website\",\"url\":\"https:\/\/eutopiasifnos.com\/\",\"name\":\"Eutopia Suites\",\"description\":\"Sifnos\",\"publisher\":{\"@id\":\"https:\/\/eutopiasifnos.com\/#organization\"},\"potentialAction\":[{\"@type\":\"SearchAction\",\"target\":{\"@type\":\"EntryPoint\",\"urlTemplate\":\"https:\/\/eutopiasifnos.com\/?s={search_term_string}\"},\"query-input\":{\"@type\":\"PropertyValueSpecification\",\"valueRequired\":true,\"valueName\":\"search_term_string\"}}],\"inLanguage\":\"fr-FR\"},{\"@type\":\"Organization\",\"@id\":\"https:\/\/eutopiasifnos.com\/#organization\",\"name\":\"Eutopia Suites\",\"url\":\"https:\/\/eutopiasifnos.com\/\",\"logo\":{\"@type\":\"ImageObject\",\"inLanguage\":\"fr-FR\",\"@id\":\"https:\/\/eutopiasifnos.com\/#\/schema\/logo\/image\/\",\"url\":\"https:\/\/eutopiasifnos.com\/wp-content\/uploads\/2024\/03\/Eutopia-Logo.svg\",\"contentUrl\":\"https:\/\/eutopiasifnos.com\/wp-content\/uploads\/2024\/03\/Eutopia-Logo.svg\",\"width\":166,\"height\":132,\"caption\":\"Eutopia Suites\"},\"image\":{\"@id\":\"https:\/\/eutopiasifnos.com\/#\/schema\/logo\/image\/\"}}]}<\/script>\n<!-- \/ Yoast SEO plugin. -->","yoast_head_json":{"title":"Deluxe Room - Eutopia Suites","robots":{"index":"index","follow":"follow","max-snippet":"max-snippet:-1","max-image-preview":"max-image-preview:large","max-video-preview":"max-video-preview:-1"},"canonical":"https:\/\/eutopiasifnos.com\/fr\/deluxe-room\/","og_locale":"fr_FR","og_type":"article","og_title":"Deluxe Room - Eutopia Suites","og_description":"[vc_row full_width=\u00a0\u00bbstretch_row_content_no_spaces\u00a0\u00bb el_class=\u00a0\u00bbd-none d-md-block\u00a0\u00bb][vc_column][\/vc_column][\/vc_row][vc_row full_width=\u00a0\u00bbstretch_row_content_no_spaces\u00a0\u00bb el_class=\u00a0\u00bbd-block d-md-none\u00a0\u00bb][vc_column][\/vc_column][\/vc_row][vc_row el_class=\u00a0\u00bbinternal-pages general-room\u00a0\u00bb][vc_column][vc_column_text css=\u00a0\u00bb\u00a0\u00bb el_class=\u00a0\u00bbgeneral-mega-title\u00a0\u00bb] Deluxe Triple Rooms with Sea View [\/vc_column_text][vc_column_text css=\u00a0\u00bb\u00a0\u00bb el_class=\u00a0\u00bbgeneral-description\u00a0\u00bb] Chambres triples confortables, spacieuses et \u00e9l\u00e9gantes, con\u00e7ues avec des espaces comprenant un lit queen-size, une salle de bains moderne avec douche et des vues uniques depuis les balcons donnant sur le littoral de Vathi et [&hellip;]","og_url":"https:\/\/eutopiasifnos.com\/fr\/deluxe-room\/","og_site_name":"Eutopia Suites","article_modified_time":"2024-11-15T10:05:23+00:00","twitter_card":"summary_large_image","twitter_misc":{"Dur\u00e9e de lecture estim\u00e9e":"4 minutes"},"schema":{"@context":"https:\/\/schema.org","@graph":[{"@type":"WebPage","@id":"https:\/\/eutopiasifnos.com\/fr\/deluxe-room\/","url":"https:\/\/eutopiasifnos.com\/fr\/deluxe-room\/","name":"Deluxe Room - Eutopia Suites","isPartOf":{"@id":"https:\/\/eutopiasifnos.com\/#website"},"datePublished":"2024-03-19T09:10:07+00:00","dateModified":"2024-11-15T10:05:23+00:00","breadcrumb":{"@id":"https:\/\/eutopiasifnos.com\/fr\/deluxe-room\/#breadcrumb"},"inLanguage":"fr-FR","potentialAction":[{"@type":"ReadAction","target":["https:\/\/eutopiasifnos.com\/fr\/deluxe-room\/"]}]},{"@type":"BreadcrumbList","@id":"https:\/\/eutopiasifnos.com\/fr\/deluxe-room\/#breadcrumb","itemListElement":[{"@type":"ListItem","position":1,"name":"\u0391\u03c1\u03c7\u03b9\u03ba\u03ae","item":"https:\/\/eutopiasifnos.com\/fr\/"},{"@type":"ListItem","position":2,"name":"Deluxe Room"}]},{"@type":"WebSite","@id":"https:\/\/eutopiasifnos.com\/#website","url":"https:\/\/eutopiasifnos.com\/","name":"Eutopia Suites","description":"Sifnos","publisher":{"@id":"https:\/\/eutopiasifnos.com\/#organization"},"potentialAction":[{"@type":"SearchAction","target":{"@type":"EntryPoint","urlTemplate":"https:\/\/eutopiasifnos.com\/?s={search_term_string}"},"query-input":{"@type":"PropertyValueSpecification","valueRequired":true,"valueName":"search_term_string"}}],"inLanguage":"fr-FR"},{"@type":"Organization","@id":"https:\/\/eutopiasifnos.com\/#organization","name":"Eutopia Suites","url":"https:\/\/eutopiasifnos.com\/","logo":{"@type":"ImageObject","inLanguage":"fr-FR","@id":"https:\/\/eutopiasifnos.com\/#\/schema\/logo\/image\/","url":"https:\/\/eutopiasifnos.com\/wp-content\/uploads\/2024\/03\/Eutopia-Logo.svg","contentUrl":"https:\/\/eutopiasifnos.com\/wp-content\/uploads\/2024\/03\/Eutopia-Logo.svg","width":166,"height":132,"caption":"Eutopia Suites"},"image":{"@id":"https:\/\/eutopiasifnos.com\/#\/schema\/logo\/image\/"}}]}},"_links":{"self":[{"href":"https:\/\/eutopiasifnos.com\/fr\/wp-json\/wp\/v2\/pages\/4000","targetHints":{"allow":["GET"]}}],"collection":[{"href":"https:\/\/eutopiasifnos.com\/fr\/wp-json\/wp\/v2\/pages"}],"about":[{"href":"https:\/\/eutopiasifnos.com\/fr\/wp-json\/wp\/v2\/types\/page"}],"author":[{"embeddable":true,"href":"https:\/\/eutopiasifnos.com\/fr\/wp-json\/wp\/v2\/users\/1"}],"replies":[{"embeddable":true,"href":"https:\/\/eutopiasifnos.com\/fr\/wp-json\/wp\/v2\/comments?post=4000"}],"version-history":[{"count":9,"href":"https:\/\/eutopiasifnos.com\/fr\/wp-json\/wp\/v2\/pages\/4000\/revisions"}],"predecessor-version":[{"id":4266,"href":"https:\/\/eutopiasifnos.com\/fr\/wp-json\/wp\/v2\/pages\/4000\/revisions\/4266"}],"wp:attachment":[{"href":"https:\/\/eutopiasifnos.com\/fr\/wp-json\/wp\/v2\/media?parent=4000"}],"curies":[{"name":"wp","href":"https:\/\/api.w.org\/{rel}","templated":true}]}}