{"id":3926,"date":"2024-03-07T16:19:45","date_gmt":"2024-03-07T14:19:45","guid":{"rendered":"https:\/\/eutopiasifnos.com\/diamoni\/"},"modified":"2025-07-04T13:33:26","modified_gmt":"2025-07-04T11:33:26","slug":"diamoni","status":"publish","type":"page","link":"https:\/\/eutopiasifnos.com\/fr\/diamoni\/","title":{"rendered":"H\u00e9bergement"},"content":{"rendered":"<div class=\"wpb-content-wrapper\"><p>[vc_row full_width=\u00a0\u00bbstretch_row_content_no_spaces\u00a0\u00bb el_class=\u00a0\u00bbd-none d-md-block\u00a0\u00bb][vc_column]<div class=\"ult-content-box-container main-slider\" >\t\t<div class=\"ult-content-box\" style=\"box-shadow: px px px px none;-webkit-transition: all 700ms ease;-moz-transition: all 700ms ease;-ms-transition: all 700ms ease;-o-transition: all 700ms ease;transition: all 700ms ease;\"  data-hover_box_shadow=\"none\"    >[vc_single_image image=\u00a0\u00bb3942&Prime; img_size=\u00a0\u00bb1920 x 930&Prime; css=\u00a0\u00bb\u00a0\u00bb]<div class=\"ult-animation main-slider_text ult-animate-viewport  ult-no-mobile \" data-animate=\"No Animation\" data-animation-delay=\"0\" data-animation-duration=\"3\" data-animation-iteration=\"1\" style=\"opacity:0;\" data-opacity_start_effect=\"\">[vc_column_text css=\u00a0\u00bb\u00a0\u00bb el_class=\u00a0\u00bbmega-title\u00a0\u00bb]H\u00e9bergement[\/vc_column_text]<\/div>\t\t<\/div><\/div>[\/vc_column][\/vc_row][vc_row full_width=\u00a0\u00bbstretch_row_content_no_spaces\u00a0\u00bb el_class=\u00a0\u00bbd-block d-md-none\u00a0\u00bb][vc_column]<div class=\"ult-content-box-container main-slider\" >\t\t<div class=\"ult-content-box\" style=\"box-shadow: px px px px none;-webkit-transition: all 700ms ease;-moz-transition: all 700ms ease;-ms-transition: all 700ms ease;-o-transition: all 700ms ease;transition: all 700ms ease;\"  data-hover_box_shadow=\"none\"    >[vc_single_image image=\u00a0\u00bb3943&Prime; img_size=\u00a0\u00bbfull\u00a0\u00bb css=\u00a0\u00bb\u00a0\u00bb]<div class=\"ult-animation main-slider_text ult-animate-viewport  ult-no-mobile \" data-animate=\"No Animation\" data-animation-delay=\"0\" data-animation-duration=\"3\" data-animation-iteration=\"1\" style=\"opacity:0;\" data-opacity_start_effect=\"\">[vc_column_text css=\u00a0\u00bb\u00a0\u00bb el_class=\u00a0\u00bbmega-title\u00a0\u00bb]H\u00e9bergement[\/vc_column_text]<\/div>\t\t<\/div><\/div>[\/vc_column][\/vc_row][vc_row el_class=\u00a0\u00bbinternal-pages rooms\u00a0\u00bb][vc_column][vc_column_text css=\u00a0\u00bb\u00a0\u00bb el_class=\u00a0\u00bbgeneral-description\u00a0\u00bb]<\/p>\n<p style=\"text-align: center;\">L\u2019ambiance d\u2019Eutopia Suites vous charmera d\u00e8s le premier instant. Les couleurs traditionnelles de la mer \u00c9g\u00e9e combin\u00e9es \u00e0 l&rsquo;architecture des Cyclades ainsi qu&rsquo;aux mat\u00e9riaux naturels que nous avons utilis\u00e9s cr\u00e9ent des images uniques.<\/p>\n<p>[\/vc_column_text][vc_column_text css=\u00a0\u00bb\u00a0\u00bb el_class=\u00a0\u00bbmega-title\u00a0\u00bb]<\/p>\n<p style=\"text-align: center;\">Trouvez la suite qui vous convient<\/p>\n<p>[\/vc_column_text][\/vc_column][\/vc_row][vc_row el_class=\u00a0\u00bbinternal-pages rooms\u00a0\u00bb][vc_column width=\u00a0\u00bb1\/2&Prime;][vc_single_image image=\u00a0\u00bb3936&Prime; img_size=\u00a0\u00bbfull\u00a0\u00bb onclick=\u00a0\u00bbcustom_link\u00a0\u00bb css=\u00a0\u00bb\u00a0\u00bb link=\u00a0\u00bb\/fr\/double-room\u00a0\u00bb][vc_row_inner el_class=\u00a0\u00bbrooms-row\u00a0\u00bb][vc_column_inner][vc_column_text css=\u00a0\u00bb.vc_custom_1716189660896{margin-bottom: 0px !important;}\u00a0\u00bb el_class=\u00a0\u00bbgeneral-mega-title position-relative\u00a0\u00bb]Double Room[\/vc_column_text][vc_column_text css=\u00a0\u00bb.vc_custom_1717588561513{margin-bottom: 0px !important;}\u00a0\u00bb el_class=\u00a0\u00bbpeople two-people\u00a0\u00bb]2 personnes[\/vc_column_text][vc_column_text css=\u00a0\u00bb.vc_custom_1716189257623{margin-bottom: 0px !important;}\u00a0\u00bb el_class=\u00a0\u00bbsquare-kilometers\u00a0\u00bb]20 \u039c[\/vc_column_text][\/vc_column_inner][\/vc_row_inner]<span id=\"creative-link-wrap-7154\" class=\"ult_main_cl ult-adjust-bottom-margin button-w-icon \" >\n\t \t\t\t<span class=\"  ult_crlink\" >\n\t\t\t\t\t<a  data-ultimate-target='#creative-link-wrap-7154 .ult_colorlink'  data-responsive-json-new='{\"font-size\":\"\",\"line-height\":\"\"}'  href=\"\/fr\/double-room\/\"  class=\"ult_colorlink ult-responsive \" style=\"float:left;font-weight:normal; \"  data-textcolor=\"#333333\" data-texthover=\"#333333\"data-style=\"\">\n\t\t\t\t\t\t\n\t\t\t\t\t\t<span data-hover=\"VOIR PLUS\" style=\"color:#333333;;;\" class=\"ult_btn10_span   \">VOIR PLUS<\/span>\n\t\t\t\t\t\t\n\t\t\t\t\t<\/a>\n\t\t\t\t<\/span>\n\t\t\t<\/span>[\/vc_column][vc_column width=\u00a0\u00bb1\/2&Prime;][vc_single_image image=\u00a0\u00bb4277&Prime; img_size=\u00a0\u00bbfull\u00a0\u00bb onclick=\u00a0\u00bbcustom_link\u00a0\u00bb css=\u00a0\u00bb\u00a0\u00bb el_class=\u00a0\u00bbcropped-bottom-left\u00a0\u00bb link=\u00a0\u00bb\/fr\/deluxe-room\u00a0\u00bb][vc_row_inner el_class=\u00a0\u00bbrooms-row\u00a0\u00bb][vc_column_inner][vc_column_text css=\u00a0\u00bb.vc_custom_1716189653154{margin-bottom: 0px !important;}\u00a0\u00bb el_class=\u00a0\u00bbgeneral-mega-title position-relative\u00a0\u00bb]Deluxe Triple Room[\/vc_column_text][vc_column_text css=\u00a0\u00bb.vc_custom_1717579219333{margin-bottom: 0px !important;}\u00a0\u00bb el_class=\u00a0\u00bbpeople three-people\u00a0\u00bb]3 personnes[\/vc_column_text][vc_column_text css=\u00a0\u00bb.vc_custom_1716189333449{margin-bottom: 0px !important;}\u00a0\u00bb el_class=\u00a0\u00bbsquare-kilometers\u00a0\u00bb]37 \u039c[\/vc_column_text][\/vc_column_inner][\/vc_row_inner]<span id=\"creative-link-wrap-5857\" class=\"ult_main_cl ult-adjust-bottom-margin button-w-icon \" >\n\t \t\t\t<span class=\"  ult_crlink\" >\n\t\t\t\t\t<a  data-ultimate-target='#creative-link-wrap-5857 .ult_colorlink'  data-responsive-json-new='{\"font-size\":\"\",\"line-height\":\"\"}'  href=\"\/fr\/deluxe-room\"  class=\"ult_colorlink ult-responsive \" style=\"float:left;font-weight:normal; \"  data-textcolor=\"#333333\" data-texthover=\"#333333\"data-style=\"\">\n\t\t\t\t\t\t\n\t\t\t\t\t\t<span data-hover=\"VOIR PLUS\" style=\"color:#333333;;;\" class=\"ult_btn10_span   \">VOIR PLUS<\/span>\n\t\t\t\t\t\t\n\t\t\t\t\t<\/a>\n\t\t\t\t<\/span>\n\t\t\t<\/span>[\/vc_column][\/vc_row][vc_row el_class=\u00a0\u00bbinternal-pages rooms\u00a0\u00bb][vc_column width=\u00a0\u00bb1\/2&Prime;][vc_single_image image=\u00a0\u00bb4072&Prime; img_size=\u00a0\u00bbfull\u00a0\u00bb onclick=\u00a0\u00bbcustom_link\u00a0\u00bb css=\u00a0\u00bb\u00a0\u00bb link=\u00a0\u00bb\/fr\/junior-suite\/\u00a0\u00bb el_class=\u00a0\u00bbcropped-bottom-right\u00a0\u00bb][vc_row_inner el_class=\u00a0\u00bbrooms-row\u00a0\u00bb][vc_column_inner][vc_column_text css=\u00a0\u00bb.vc_custom_1716278886378{margin-bottom: 0px !important;}\u00a0\u00bb el_class=\u00a0\u00bbgeneral-mega-title position-relative\u00a0\u00bb]Junior Suite[\/vc_column_text][vc_column_text css=\u00a0\u00bb.vc_custom_1717579207603{margin-bottom: 0px !important;}\u00a0\u00bb el_class=\u00a0\u00bbpeople four-people\u00a0\u00bb]4 personnes[\/vc_column_text][vc_column_text css=\u00a0\u00bb.vc_custom_1716278913463{margin-bottom: 0px !important;}\u00a0\u00bb el_class=\u00a0\u00bbsquare-kilometers\u00a0\u00bb]42 \u039c[\/vc_column_text][\/vc_column_inner][\/vc_row_inner]<span id=\"creative-link-wrap-3670\" class=\"ult_main_cl ult-adjust-bottom-margin button-w-icon \" >\n\t \t\t\t<span class=\"  ult_crlink\" >\n\t\t\t\t\t<a  data-ultimate-target='#creative-link-wrap-3670 .ult_colorlink'  data-responsive-json-new='{\"font-size\":\"\",\"line-height\":\"\"}'  href=\"\/fr\/junior-suite\/\"  class=\"ult_colorlink ult-responsive \" style=\"float:left;font-weight:normal; \"  data-textcolor=\"#333333\" data-texthover=\"#333333\"data-style=\"\">\n\t\t\t\t\t\t\n\t\t\t\t\t\t<span data-hover=\"VOIR PLUS\" style=\"color:#333333;;;\" class=\"ult_btn10_span   \">VOIR PLUS<\/span>\n\t\t\t\t\t\t\n\t\t\t\t\t<\/a>\n\t\t\t\t<\/span>\n\t\t\t<\/span>[\/vc_column][vc_column width=\u00a0\u00bb1\/2&Prime;][vc_single_image image=\u00a0\u00bb3939&Prime; img_size=\u00a0\u00bbfull\u00a0\u00bb onclick=\u00a0\u00bbcustom_link\u00a0\u00bb css=\u00a0\u00bb\u00a0\u00bb link=\u00a0\u00bb\/fr\/family-suite\/\u00a0\u00bb][vc_row_inner el_class=\u00a0\u00bbrooms-row\u00a0\u00bb][vc_column_inner][vc_column_text css=\u00a0\u00bb.vc_custom_1716189647803{margin-bottom: 0px !important;}\u00a0\u00bb el_class=\u00a0\u00bbgeneral-mega-title position-relative\u00a0\u00bb]Family Suite[\/vc_column_text][vc_column_text css=\u00a0\u00bb.vc_custom_1717579201319{margin-bottom: 0px !important;}\u00a0\u00bb el_class=\u00a0\u00bbpeople four-people\u00a0\u00bb]4 personnes[\/vc_column_text][vc_column_text css=\u00a0\u00bb.vc_custom_1716189404885{margin-bottom: 0px !important;}\u00a0\u00bb el_class=\u00a0\u00bbsquare-kilometers\u00a0\u00bb]41 \u039c[\/vc_column_text][\/vc_column_inner][\/vc_row_inner]<span id=\"creative-link-wrap-4319\" class=\"ult_main_cl ult-adjust-bottom-margin button-w-icon \" >\n\t \t\t\t<span class=\"  ult_crlink\" >\n\t\t\t\t\t<a  data-ultimate-target='#creative-link-wrap-4319 .ult_colorlink'  data-responsive-json-new='{\"font-size\":\"\",\"line-height\":\"\"}'  href=\"\/fr\/family-suite\/\"  class=\"ult_colorlink ult-responsive \" style=\"float:left;font-weight:normal; \"  data-textcolor=\"#333333\" data-texthover=\"#333333\"data-style=\"\">\n\t\t\t\t\t\t\n\t\t\t\t\t\t<span data-hover=\"VOIR PLUS\" style=\"color:#333333;;;\" class=\"ult_btn10_span   \">VOIR PLUS<\/span>\n\t\t\t\t\t\t\n\t\t\t\t\t<\/a>\n\t\t\t\t<\/span>\n\t\t\t<\/span>[\/vc_column][\/vc_row][vc_row el_class=\u00a0\u00bbinternal-pages rooms\u00a0\u00bb][vc_column width=\u00a0\u00bb1\/2&Prime;][vc_single_image image=\u00a0\u00bb3941&Prime; img_size=\u00a0\u00bbfull\u00a0\u00bb onclick=\u00a0\u00bbcustom_link\u00a0\u00bb css=\u00a0\u00bb\u00a0\u00bb link=\u00a0\u00bb\/fr\/superior-suite\/\u00a0\u00bb][vc_row_inner el_class=\u00a0\u00bbrooms-row\u00a0\u00bb][vc_column_inner][vc_column_text css=\u00a0\u00bb.vc_custom_1716189636657{margin-bottom: 0px !important;}\u00a0\u00bb el_class=\u00a0\u00bbgeneral-mega-title position-relative\u00a0\u00bb]Superior Suite[\/vc_column_text][vc_column_text css=\u00a0\u00bb.vc_custom_1717579192787{margin-bottom: 0px !important;}\u00a0\u00bb el_class=\u00a0\u00bbpeople five-people\u00a0\u00bb]5 personnes[\/vc_column_text][vc_column_text css=\u00a0\u00bb.vc_custom_1716189467430{margin-bottom: 0px !important;}\u00a0\u00bb el_class=\u00a0\u00bbsquare-kilometers\u00a0\u00bb]58 \u039c[\/vc_column_text][\/vc_column_inner][\/vc_row_inner]<span id=\"creative-link-wrap-7880\" class=\"ult_main_cl ult-adjust-bottom-margin button-w-icon \" >\n\t \t\t\t<span class=\"  ult_crlink\" >\n\t\t\t\t\t<a  data-ultimate-target='#creative-link-wrap-7880 .ult_colorlink'  data-responsive-json-new='{\"font-size\":\"\",\"line-height\":\"\"}'  href=\"\/fr\/superior-suite\/\"  class=\"ult_colorlink ult-responsive \" style=\"float:left;font-weight:normal; \"  data-textcolor=\"#333333\" data-texthover=\"#333333\"data-style=\"\">\n\t\t\t\t\t\t\n\t\t\t\t\t\t<span data-hover=\"VOIR PLUS\" style=\"color:#333333;;;\" class=\"ult_btn10_span   \">VOIR PLUS<\/span>\n\t\t\t\t\t\t\n\t\t\t\t\t<\/a>\n\t\t\t\t<\/span>\n\t\t\t<\/span>[\/vc_column][vc_column width=\u00a0\u00bb1\/2&Prime;][vc_single_image image=\u00a0\u00bb3938&Prime; img_size=\u00a0\u00bbfull\u00a0\u00bb onclick=\u00a0\u00bbcustom_link\u00a0\u00bb css=\u00a0\u00bb\u00a0\u00bb el_class=\u00a0\u00bbcropped-top-left\u00a0\u00bb link=\u00a0\u00bb\/fr\/executive-suite\/\u00a0\u00bb][vc_row_inner el_class=\u00a0\u00bbrooms-row\u00a0\u00bb][vc_column_inner][vc_column_text css=\u00a0\u00bb.vc_custom_1716189630677{margin-bottom: 0px !important;}\u00a0\u00bb el_class=\u00a0\u00bbgeneral-mega-title position-relative\u00a0\u00bb]Executive Suite[\/vc_column_text][vc_column_text css=\u00a0\u00bb.vc_custom_1717579187525{margin-bottom: 0px !important;}\u00a0\u00bb el_class=\u00a0\u00bbpeople five-people\u00a0\u00bb]5 personnes[\/vc_column_text][vc_column_text css=\u00a0\u00bb.vc_custom_1716189494827{margin-bottom: 0px !important;}\u00a0\u00bb el_class=\u00a0\u00bbsquare-kilometers\u00a0\u00bb]74 \u039c[\/vc_column_text][\/vc_column_inner][\/vc_row_inner]<span id=\"creative-link-wrap-8764\" class=\"ult_main_cl ult-adjust-bottom-margin button-w-icon \" >\n\t \t\t\t<span class=\"  ult_crlink\" >\n\t\t\t\t\t<a  data-ultimate-target='#creative-link-wrap-8764 .ult_colorlink'  data-responsive-json-new='{\"font-size\":\"\",\"line-height\":\"\"}'  href=\"\/fr\/executive-suite\/\"  class=\"ult_colorlink ult-responsive \" style=\"float:left;font-weight:normal; \"  data-textcolor=\"#333333\" data-texthover=\"#333333\"data-style=\"\">\n\t\t\t\t\t\t\n\t\t\t\t\t\t<span data-hover=\"VOIR PLUS\" style=\"color:#333333;;;\" class=\"ult_btn10_span   \">VOIR PLUS<\/span>\n\t\t\t\t\t\t\n\t\t\t\t\t<\/a>\n\t\t\t\t<\/span>\n\t\t\t<\/span>[\/vc_column][\/vc_row][vc_row el_class=\u00a0\u00bbinternal-pages rooms\u00a0\u00bb][vc_column width=\u00a0\u00bb1\/2&Prime;][vc_single_image image=\u00a0\u00bb3937&Prime; img_size=\u00a0\u00bbfull\u00a0\u00bb onclick=\u00a0\u00bbcustom_link\u00a0\u00bb css=\u00a0\u00bb\u00a0\u00bb link=\u00a0\u00bb\/fr\/eutopia-suite\/\u00a0\u00bb el_class=\u00a0\u00bbcropped-bottom-right\u00a0\u00bb][vc_row_inner el_class=\u00a0\u00bbrooms-row\u00a0\u00bb][vc_column_inner][vc_column_text css=\u00a0\u00bb.vc_custom_1716192223572{margin-bottom: 0px !important;}\u00a0\u00bb el_class=\u00a0\u00bbgeneral-mega-title position-relative\u00a0\u00bb]Eutopia Suite[\/vc_column_text][vc_column_text css=\u00a0\u00bb.vc_custom_1717579173561{margin-bottom: 0px !important;}\u00a0\u00bb el_class=\u00a0\u00bbpeople seven-people\u00a0\u00bb]7 personnes[\/vc_column_text][\/vc_column_inner][\/vc_row_inner]<span id=\"creative-link-wrap-5373\" class=\"ult_main_cl ult-adjust-bottom-margin button-w-icon \" >\n\t \t\t\t<span class=\"  ult_crlink\" >\n\t\t\t\t\t<a  data-ultimate-target='#creative-link-wrap-5373 .ult_colorlink'  data-responsive-json-new='{\"font-size\":\"\",\"line-height\":\"\"}'  href=\"\/fr\/eutopia-suite\/\"  class=\"ult_colorlink ult-responsive \" style=\"float:left;font-weight:normal; \"  data-textcolor=\"#333333\" data-texthover=\"#333333\"data-style=\"\">\n\t\t\t\t\t\t\n\t\t\t\t\t\t<span data-hover=\"VOIR PLUS\" style=\"color:#333333;;;\" class=\"ult_btn10_span   \">VOIR PLUS<\/span>\n\t\t\t\t\t\t\n\t\t\t\t\t<\/a>\n\t\t\t\t<\/span>\n\t\t\t<\/span>[\/vc_column][vc_column width=\u00a0\u00bb1\/2&Prime;][\/vc_column][\/vc_row]<\/p>\n<\/div>","protected":false},"excerpt":{"rendered":"<p>[vc_row full_width=\u00a0\u00bbstretch_row_content_no_spaces\u00a0\u00bb el_class=\u00a0\u00bbd-none d-md-block\u00a0\u00bb][vc_column][\/vc_column][\/vc_row][vc_row full_width=\u00a0\u00bbstretch_row_content_no_spaces\u00a0\u00bb el_class=\u00a0\u00bbd-block d-md-none\u00a0\u00bb][vc_column][\/vc_column][\/vc_row][vc_row el_class=\u00a0\u00bbinternal-pages rooms\u00a0\u00bb][vc_column][vc_column_text css=\u00a0\u00bb\u00a0\u00bb el_class=\u00a0\u00bbgeneral-description\u00a0\u00bb] L\u2019ambiance d\u2019Eutopia Suites vous charmera d\u00e8s le premier instant. Les couleurs traditionnelles de la mer \u00c9g\u00e9e combin\u00e9es \u00e0 l&rsquo;architecture des Cyclades ainsi qu&rsquo;aux mat\u00e9riaux naturels que nous avons utilis\u00e9s cr\u00e9ent des images uniques. [\/vc_column_text][vc_column_text css=\u00a0\u00bb\u00a0\u00bb el_class=\u00a0\u00bbmega-title\u00a0\u00bb] Trouvez la suite qui vous convient [\/vc_column_text][\/vc_column][\/vc_row][vc_row el_class=\u00a0\u00bbinternal-pages [&hellip;]<\/p>\n","protected":false},"author":1,"featured_media":0,"parent":0,"menu_order":0,"comment_status":"closed","ping_status":"closed","template":"","meta":{"_acf_changed":false,"inline_featured_image":false,"footnotes":""},"class_list":["post-3926","page","type-page","status-publish","hentry"],"acf":[],"yoast_head":"<!-- This site is optimized with the Yoast SEO plugin v26.9 - https:\/\/yoast.com\/product\/yoast-seo-wordpress\/ -->\n<title>H\u00e9bergement - Eutopia Suites<\/title>\n<meta name=\"robots\" content=\"index, follow, max-snippet:-1, max-image-preview:large, max-video-preview:-1\" \/>\n<link rel=\"canonical\" href=\"https:\/\/eutopiasifnos.com\/fr\/diamoni\/\" \/>\n<meta property=\"og:locale\" content=\"fr_FR\" \/>\n<meta property=\"og:type\" content=\"article\" \/>\n<meta property=\"og:title\" content=\"H\u00e9bergement - Eutopia Suites\" \/>\n<meta property=\"og:description\" content=\"[vc_row full_width=\u00a0\u00bbstretch_row_content_no_spaces\u00a0\u00bb el_class=\u00a0\u00bbd-none d-md-block\u00a0\u00bb][vc_column][\/vc_column][\/vc_row][vc_row full_width=\u00a0\u00bbstretch_row_content_no_spaces\u00a0\u00bb el_class=\u00a0\u00bbd-block d-md-none\u00a0\u00bb][vc_column][\/vc_column][\/vc_row][vc_row el_class=\u00a0\u00bbinternal-pages rooms\u00a0\u00bb][vc_column][vc_column_text css=\u00a0\u00bb\u00a0\u00bb el_class=\u00a0\u00bbgeneral-description\u00a0\u00bb] L\u2019ambiance d\u2019Eutopia Suites vous charmera d\u00e8s le premier instant. Les couleurs traditionnelles de la mer \u00c9g\u00e9e combin\u00e9es \u00e0 l&rsquo;architecture des Cyclades ainsi qu&rsquo;aux mat\u00e9riaux naturels que nous avons utilis\u00e9s cr\u00e9ent des images uniques. [\/vc_column_text][vc_column_text css=\u00a0\u00bb\u00a0\u00bb el_class=\u00a0\u00bbmega-title\u00a0\u00bb] Trouvez la suite qui vous convient [\/vc_column_text][\/vc_column][\/vc_row][vc_row el_class=\u00a0\u00bbinternal-pages [&hellip;]\" \/>\n<meta property=\"og:url\" content=\"https:\/\/eutopiasifnos.com\/fr\/diamoni\/\" \/>\n<meta property=\"og:site_name\" content=\"Eutopia Suites\" \/>\n<meta property=\"article:modified_time\" content=\"2025-07-04T11:33:26+00:00\" \/>\n<meta name=\"twitter:card\" content=\"summary_large_image\" \/>\n<meta name=\"twitter:label1\" content=\"Dur\u00e9e de lecture estim\u00e9e\" \/>\n\t<meta name=\"twitter:data1\" content=\"4 minutes\" \/>\n<script type=\"application\/ld+json\" class=\"yoast-schema-graph\">{\"@context\":\"https:\/\/schema.org\",\"@graph\":[{\"@type\":\"WebPage\",\"@id\":\"https:\/\/eutopiasifnos.com\/fr\/diamoni\/\",\"url\":\"https:\/\/eutopiasifnos.com\/fr\/diamoni\/\",\"name\":\"H\u00e9bergement - Eutopia Suites\",\"isPartOf\":{\"@id\":\"https:\/\/eutopiasifnos.com\/#website\"},\"datePublished\":\"2024-03-07T14:19:45+00:00\",\"dateModified\":\"2025-07-04T11:33:26+00:00\",\"breadcrumb\":{\"@id\":\"https:\/\/eutopiasifnos.com\/fr\/diamoni\/#breadcrumb\"},\"inLanguage\":\"fr-FR\",\"potentialAction\":[{\"@type\":\"ReadAction\",\"target\":[\"https:\/\/eutopiasifnos.com\/fr\/diamoni\/\"]}]},{\"@type\":\"BreadcrumbList\",\"@id\":\"https:\/\/eutopiasifnos.com\/fr\/diamoni\/#breadcrumb\",\"itemListElement\":[{\"@type\":\"ListItem\",\"position\":1,\"name\":\"\u0391\u03c1\u03c7\u03b9\u03ba\u03ae\",\"item\":\"https:\/\/eutopiasifnos.com\/fr\/\"},{\"@type\":\"ListItem\",\"position\":2,\"name\":\"H\u00e9bergement\"}]},{\"@type\":\"WebSite\",\"@id\":\"https:\/\/eutopiasifnos.com\/#website\",\"url\":\"https:\/\/eutopiasifnos.com\/\",\"name\":\"Eutopia Suites\",\"description\":\"Sifnos\",\"publisher\":{\"@id\":\"https:\/\/eutopiasifnos.com\/#organization\"},\"potentialAction\":[{\"@type\":\"SearchAction\",\"target\":{\"@type\":\"EntryPoint\",\"urlTemplate\":\"https:\/\/eutopiasifnos.com\/?s={search_term_string}\"},\"query-input\":{\"@type\":\"PropertyValueSpecification\",\"valueRequired\":true,\"valueName\":\"search_term_string\"}}],\"inLanguage\":\"fr-FR\"},{\"@type\":\"Organization\",\"@id\":\"https:\/\/eutopiasifnos.com\/#organization\",\"name\":\"Eutopia Suites\",\"url\":\"https:\/\/eutopiasifnos.com\/\",\"logo\":{\"@type\":\"ImageObject\",\"inLanguage\":\"fr-FR\",\"@id\":\"https:\/\/eutopiasifnos.com\/#\/schema\/logo\/image\/\",\"url\":\"https:\/\/eutopiasifnos.com\/wp-content\/uploads\/2024\/03\/Eutopia-Logo.svg\",\"contentUrl\":\"https:\/\/eutopiasifnos.com\/wp-content\/uploads\/2024\/03\/Eutopia-Logo.svg\",\"width\":166,\"height\":132,\"caption\":\"Eutopia Suites\"},\"image\":{\"@id\":\"https:\/\/eutopiasifnos.com\/#\/schema\/logo\/image\/\"}}]}<\/script>\n<!-- \/ Yoast SEO plugin. -->","yoast_head_json":{"title":"H\u00e9bergement - Eutopia Suites","robots":{"index":"index","follow":"follow","max-snippet":"max-snippet:-1","max-image-preview":"max-image-preview:large","max-video-preview":"max-video-preview:-1"},"canonical":"https:\/\/eutopiasifnos.com\/fr\/diamoni\/","og_locale":"fr_FR","og_type":"article","og_title":"H\u00e9bergement - Eutopia Suites","og_description":"[vc_row full_width=\u00a0\u00bbstretch_row_content_no_spaces\u00a0\u00bb el_class=\u00a0\u00bbd-none d-md-block\u00a0\u00bb][vc_column][\/vc_column][\/vc_row][vc_row full_width=\u00a0\u00bbstretch_row_content_no_spaces\u00a0\u00bb el_class=\u00a0\u00bbd-block d-md-none\u00a0\u00bb][vc_column][\/vc_column][\/vc_row][vc_row el_class=\u00a0\u00bbinternal-pages rooms\u00a0\u00bb][vc_column][vc_column_text css=\u00a0\u00bb\u00a0\u00bb el_class=\u00a0\u00bbgeneral-description\u00a0\u00bb] L\u2019ambiance d\u2019Eutopia Suites vous charmera d\u00e8s le premier instant. Les couleurs traditionnelles de la mer \u00c9g\u00e9e combin\u00e9es \u00e0 l&rsquo;architecture des Cyclades ainsi qu&rsquo;aux mat\u00e9riaux naturels que nous avons utilis\u00e9s cr\u00e9ent des images uniques. [\/vc_column_text][vc_column_text css=\u00a0\u00bb\u00a0\u00bb el_class=\u00a0\u00bbmega-title\u00a0\u00bb] Trouvez la suite qui vous convient [\/vc_column_text][\/vc_column][\/vc_row][vc_row el_class=\u00a0\u00bbinternal-pages [&hellip;]","og_url":"https:\/\/eutopiasifnos.com\/fr\/diamoni\/","og_site_name":"Eutopia Suites","article_modified_time":"2025-07-04T11:33:26+00:00","twitter_card":"summary_large_image","twitter_misc":{"Dur\u00e9e de lecture estim\u00e9e":"4 minutes"},"schema":{"@context":"https:\/\/schema.org","@graph":[{"@type":"WebPage","@id":"https:\/\/eutopiasifnos.com\/fr\/diamoni\/","url":"https:\/\/eutopiasifnos.com\/fr\/diamoni\/","name":"H\u00e9bergement - Eutopia Suites","isPartOf":{"@id":"https:\/\/eutopiasifnos.com\/#website"},"datePublished":"2024-03-07T14:19:45+00:00","dateModified":"2025-07-04T11:33:26+00:00","breadcrumb":{"@id":"https:\/\/eutopiasifnos.com\/fr\/diamoni\/#breadcrumb"},"inLanguage":"fr-FR","potentialAction":[{"@type":"ReadAction","target":["https:\/\/eutopiasifnos.com\/fr\/diamoni\/"]}]},{"@type":"BreadcrumbList","@id":"https:\/\/eutopiasifnos.com\/fr\/diamoni\/#breadcrumb","itemListElement":[{"@type":"ListItem","position":1,"name":"\u0391\u03c1\u03c7\u03b9\u03ba\u03ae","item":"https:\/\/eutopiasifnos.com\/fr\/"},{"@type":"ListItem","position":2,"name":"H\u00e9bergement"}]},{"@type":"WebSite","@id":"https:\/\/eutopiasifnos.com\/#website","url":"https:\/\/eutopiasifnos.com\/","name":"Eutopia Suites","description":"Sifnos","publisher":{"@id":"https:\/\/eutopiasifnos.com\/#organization"},"potentialAction":[{"@type":"SearchAction","target":{"@type":"EntryPoint","urlTemplate":"https:\/\/eutopiasifnos.com\/?s={search_term_string}"},"query-input":{"@type":"PropertyValueSpecification","valueRequired":true,"valueName":"search_term_string"}}],"inLanguage":"fr-FR"},{"@type":"Organization","@id":"https:\/\/eutopiasifnos.com\/#organization","name":"Eutopia Suites","url":"https:\/\/eutopiasifnos.com\/","logo":{"@type":"ImageObject","inLanguage":"fr-FR","@id":"https:\/\/eutopiasifnos.com\/#\/schema\/logo\/image\/","url":"https:\/\/eutopiasifnos.com\/wp-content\/uploads\/2024\/03\/Eutopia-Logo.svg","contentUrl":"https:\/\/eutopiasifnos.com\/wp-content\/uploads\/2024\/03\/Eutopia-Logo.svg","width":166,"height":132,"caption":"Eutopia Suites"},"image":{"@id":"https:\/\/eutopiasifnos.com\/#\/schema\/logo\/image\/"}}]}},"_links":{"self":[{"href":"https:\/\/eutopiasifnos.com\/fr\/wp-json\/wp\/v2\/pages\/3926","targetHints":{"allow":["GET"]}}],"collection":[{"href":"https:\/\/eutopiasifnos.com\/fr\/wp-json\/wp\/v2\/pages"}],"about":[{"href":"https:\/\/eutopiasifnos.com\/fr\/wp-json\/wp\/v2\/types\/page"}],"author":[{"embeddable":true,"href":"https:\/\/eutopiasifnos.com\/fr\/wp-json\/wp\/v2\/users\/1"}],"replies":[{"embeddable":true,"href":"https:\/\/eutopiasifnos.com\/fr\/wp-json\/wp\/v2\/comments?post=3926"}],"version-history":[{"count":8,"href":"https:\/\/eutopiasifnos.com\/fr\/wp-json\/wp\/v2\/pages\/3926\/revisions"}],"predecessor-version":[{"id":4283,"href":"https:\/\/eutopiasifnos.com\/fr\/wp-json\/wp\/v2\/pages\/3926\/revisions\/4283"}],"wp:attachment":[{"href":"https:\/\/eutopiasifnos.com\/fr\/wp-json\/wp\/v2\/media?parent=3926"}],"curies":[{"name":"wp","href":"https:\/\/api.w.org\/{rel}","templated":true}]}}