{"id":3914,"date":"2024-03-07T16:54:22","date_gmt":"2024-03-07T14:54:22","guid":{"rendered":"https:\/\/eutopiasifnos.com\/contact\/"},"modified":"2024-06-05T15:15:27","modified_gmt":"2024-06-05T13:15:27","slug":"contact","status":"publish","type":"page","link":"https:\/\/eutopiasifnos.com\/fr\/contact\/","title":{"rendered":"Contact"},"content":{"rendered":"<div class=\"wpb-content-wrapper\"><p>[vc_row full_width=\u00a0\u00bbstretch_row_content_no_spaces\u00a0\u00bb el_class=\u00a0\u00bbd-none d-md-block\u00a0\u00bb][vc_column]<div class=\"ult-content-box-container main-slider\" >\t\t<div class=\"ult-content-box\" style=\"box-shadow: px px px px none;-webkit-transition: all 700ms ease;-moz-transition: all 700ms ease;-ms-transition: all 700ms ease;-o-transition: all 700ms ease;transition: all 700ms ease;\"  data-hover_box_shadow=\"none\"    >[vc_single_image image=\u00a0\u00bb3918&Prime; img_size=\u00a0\u00bb1920 x 930&Prime; css=\u00a0\u00bb\u00a0\u00bb]<div class=\"ult-animation main-slider_text ult-animate-viewport  ult-no-mobile \" data-animate=\"No Animation\" data-animation-delay=\"0\" data-animation-duration=\"3\" data-animation-iteration=\"1\" style=\"opacity:0;\" data-opacity_start_effect=\"\">[vc_column_text css=\u00a0\u00bb\u00a0\u00bb el_class=\u00a0\u00bbmega-title\u00a0\u00bb]Contact[\/vc_column_text]<\/div>\t\t<\/div><\/div>[\/vc_column][\/vc_row][vc_row full_width=\u00a0\u00bbstretch_row_content_no_spaces\u00a0\u00bb el_class=\u00a0\u00bbd-block d-md-none\u00a0\u00bb][vc_column]<div class=\"ult-content-box-container main-slider\" >\t\t<div class=\"ult-content-box\" style=\"box-shadow: px px px px none;-webkit-transition: all 700ms ease;-moz-transition: all 700ms ease;-ms-transition: all 700ms ease;-o-transition: all 700ms ease;transition: all 700ms ease;\"  data-hover_box_shadow=\"none\"    >[vc_single_image image=\u00a0\u00bb3919&Prime; img_size=\u00a0\u00bbfull\u00a0\u00bb css=\u00a0\u00bb\u00a0\u00bb]<div class=\"ult-animation main-slider_text ult-animate-viewport  ult-no-mobile \" data-animate=\"No Animation\" data-animation-delay=\"0\" data-animation-duration=\"3\" data-animation-iteration=\"1\" style=\"opacity:0;\" data-opacity_start_effect=\"\">[vc_column_text css=\u00a0\u00bb\u00a0\u00bb el_class=\u00a0\u00bbmega-title\u00a0\u00bb]Contact[\/vc_column_text]<\/div>\t\t<\/div><\/div>[\/vc_column][\/vc_row][vc_row full_width=\u00a0\u00bbstretch_row_content_no_spaces\u00a0\u00bb el_class=\u00a0\u00bbcontact\u00a0\u00bb][vc_column][vc_row_inner][vc_column_inner][vc_column_text css=\u00a0\u00bb\u00a0\u00bb el_class=\u00a0\u00bbgeneral-description\u00a0\u00bb]<\/p>\n<p style=\"text-align: center;\">Nos suites affichent un caract\u00e8re et un style uniques, tandis qu&rsquo;un sentiment d&rsquo;\u00e9l\u00e9gance, d&rsquo;harmonie et de d\u00e9licatesse pr\u00e9vaut partout.<\/p>\n<p>[\/vc_column_text][\/vc_column_inner][\/vc_row_inner][vc_row_inner el_id=\u00a0\u00bbcontact-link\u00a0\u00bb][vc_column_inner el_class=\u00a0\u00bbleft-column\u00a0\u00bb width=\u00a0\u00bb1\/2&Prime;][vc_column_text css=\u00a0\u00bb\u00a0\u00bb el_class=\u00a0\u00bbgeneral-mega-title\u00a0\u00bb]<\/p>\n<p style=\"text-align: center;\">Vous avez des questions sur la disponibilit\u00e9 ou sur nos h\u00e9bergements ? N\u2019h\u00e9sitez pas \u00e0 nous contacter.<\/p>\n<p>[\/vc_column_text]<div class=\"ult-content-box-container \" >\t\t<div class=\"ult-content-box\" style=\"box-shadow: px px px px none;-webkit-transition: all 700ms ease;-moz-transition: all 700ms ease;-ms-transition: all 700ms ease;-o-transition: all 700ms ease;transition: all 700ms ease;\"  data-hover_box_shadow=\"none\"    >[vc_column_text css=\u00a0\u00bb.vc_custom_1717578137803{margin-bottom: 10px !important;}\u00a0\u00bb el_class=\u00a0\u00bbgeneral-title\u00a0\u00bb]<\/p>\n<p style=\"text-align: center;\">Adresse<\/p>\n<p>[\/vc_column_text][vc_column_text css=\u00a0\u00bb.vc_custom_1717578151314{margin-bottom: 20px !important;}\u00a0\u00bb]<\/p>\n<p style=\"text-align: center;\"><a href=\"https:\/\/maps.app.goo.gl\/3BfXyi8oj3JryxZb8\" target=\"_blank\" rel=\"noopener\">Vathi, Sifnos<\/a><\/p>\n<p>[\/vc_column_text]<span id=\"creative-link-wrap-2556\" class=\"ult_main_cl ult-adjust-bottom-margin button-w-icon \" >\n\t \t\t\t<span class=\"  ult_crlink\" >\n\t\t\t\t\t<a  data-ultimate-target='#creative-link-wrap-2556 .ult_colorlink'  data-responsive-json-new='{\"font-size\":\"\",\"line-height\":\"\"}'  href=\"https:\/\/maps.app.goo.gl\/3BfXyi8oj3JryxZb8\" target=\"_blank\" rel=\"noopener\"  class=\"ult_colorlink ult-responsive \" style=\"font-weight:normal; \"  data-textcolor=\"#333333\" data-texthover=\"#333333\"data-style=\"\">\n\t\t\t\t\t\t\n\t\t\t\t\t\t<span data-hover=\"INSTRUCTIONS\" style=\"color:#333333;;;\" class=\"ult_btn10_span   \">INSTRUCTIONS<\/span>\n\t\t\t\t\t\t\n\t\t\t\t\t<\/a>\n\t\t\t\t<\/span>\n\t\t\t<\/span>\t\t<\/div><\/div><div class=\"ult-content-box-container \" >\t\t<div class=\"ult-content-box\" style=\"box-shadow: px px px px none;-webkit-transition: all 700ms ease;-moz-transition: all 700ms ease;-ms-transition: all 700ms ease;-o-transition: all 700ms ease;transition: all 700ms ease;\"  data-hover_box_shadow=\"none\"    >[vc_column_text css=\u00a0\u00bb.vc_custom_1717578166488{margin-bottom: 10px !important;}\u00a0\u00bb el_class=\u00a0\u00bbgeneral-title\u00a0\u00bb]<\/p>\n<p style=\"text-align: center;\">T\u00e9l\u00e9phone<\/p>\n<p>[\/vc_column_text][vc_column_text]<\/p>\n<p style=\"text-align: center;\"><a href=\"tel:+302144081905\">+30 2144081905<\/a><\/p>\n<p>[\/vc_column_text]\t\t<\/div><\/div><div class=\"ult-content-box-container \" >\t\t<div class=\"ult-content-box\" style=\"box-shadow: px px px px none;-webkit-transition: all 700ms ease;-moz-transition: all 700ms ease;-ms-transition: all 700ms ease;-o-transition: all 700ms ease;transition: all 700ms ease;\"  data-hover_box_shadow=\"none\"    >[vc_column_text css=\u00a0\u00bb.vc_custom_1710318511927{margin-bottom: 10px !important;}\u00a0\u00bb el_class=\u00a0\u00bbgeneral-title\u00a0\u00bb]<\/p>\n<p style=\"text-align: center;\">\u0395mail<\/p>\n<p>[\/vc_column_text][vc_column_text css=\u00a0\u00bb\u00a0\u00bb]<\/p>\n<p style=\"text-align: center;\"><a href=\"mailto:info@eutopiasifnos.com\">info@eutopiasifnos.com<\/a><\/p>\n<p>[\/vc_column_text]\t\t<\/div><\/div>[\/vc_column_inner][vc_column_inner el_class=\u00a0\u00bbbg-color\u00a0\u00bb width=\u00a0\u00bb1\/2&Prime;][vc_column_text css=\u00a0\u00bb.vc_custom_1717578216330{margin-bottom: 0px !important;}\u00a0\u00bb el_class=\u00a0\u00bbgeneral-mega-title light\u00a0\u00bb]<\/p>\n<p style=\"text-align: center;\">Formulaire de contact<\/p>\n<p>[\/vc_column_text][vc_column_text css=\u00a0\u00bb\u00a0\u00bb el_class=\u00a0\u00bbgeneral-title light\u00a0\u00bb]<\/p>\n<p style=\"text-align: center;\">* \u00c9l\u00e9ments n\u00e9cessaires<\/p>\n<p>[\/vc_column_text][vc_column_text css=\u00a0\u00bb\u00a0\u00bb]<p class=\"wpcf7-contact-form-not-found\"><strong>Erreur\u00a0:<\/strong> Formulaire de contact non trouv\u00e9\u00a0!<\/p>[\/vc_column_text][\/vc_column_inner][\/vc_row_inner][\/vc_column][\/vc_row][vc_row full_width=\u00a0\u00bbstretch_row_content_no_spaces\u00a0\u00bb el_class=\u00a0\u00bbbottom-row\u00a0\u00bb][vc_column][vc_row_inner el_class=\u00a0\u00bbbottom-row_content\u00a0\u00bb][vc_column_inner el_class=\u00a0\u00bbimg\u00a0\u00bb width=\u00a0\u00bb1\/3&Prime;][vc_single_image image=\u00a0\u00bb3920&Prime; img_size=\u00a0\u00bbfull\u00a0\u00bb alignment=\u00a0\u00bbcenter\u00a0\u00bb css=\u00a0\u00bb\u00a0\u00bb][\/vc_column_inner][vc_column_inner el_class=\u00a0\u00bbimg right\u00a0\u00bb width=\u00a0\u00bb1\/3&Prime;][vc_single_image image=\u00a0\u00bb3921&Prime; img_size=\u00a0\u00bbfull\u00a0\u00bb alignment=\u00a0\u00bbcenter\u00a0\u00bb css=\u00a0\u00bb\u00a0\u00bb el_class=\u00a0\u00bbcropped-bottom-left\u00a0\u00bb][\/vc_column_inner][vc_column_inner el_class=\u00a0\u00bbcontent\u00a0\u00bb width=\u00a0\u00bb1\/3&Prime;][vc_column_text css=\u00a0\u00bb\u00a0\u00bb el_class=\u00a0\u00bbgeneral-title\u00a0\u00bb]<\/p>\n<p style=\"text-align: center;\">H\u00e9bergement<\/p>\n<p>[\/vc_column_text][vc_column_text css=\u00a0\u00bb\u00a0\u00bb el_class=\u00a0\u00bbgeneral-mega-title\u00a0\u00bb]<\/p>\n<p style=\"text-align: center;\">Offrez-vous le luxe et l&rsquo;hospitalit\u00e9 dans notre \u00e9tablissement<\/p>\n<p>[\/vc_column_text]<span id=\"creative-link-wrap-1802\" class=\"ult_main_cl ult-adjust-bottom-margin button-w-icon \" >\n\t \t\t\t<span class=\"  ult_crlink\" >\n\t\t\t\t\t<a  data-ultimate-target='#creative-link-wrap-1802 .ult_colorlink'  data-responsive-json-new='{\"font-size\":\"\",\"line-height\":\"\"}'  href=\"\/fr\/diamoni\/\"  class=\"ult_colorlink ult-responsive \" style=\"font-weight:normal; \"  data-textcolor=\"#333333\" data-texthover=\"#333333\"data-style=\"\">\n\t\t\t\t\t\t\n\t\t\t\t\t\t<span data-hover=\"VOIR PLUS\" style=\"color:#333333;;;\" class=\"ult_btn10_span   \">VOIR PLUS<\/span>\n\t\t\t\t\t\t\n\t\t\t\t\t<\/a>\n\t\t\t\t<\/span>\n\t\t\t<\/span>[\/vc_column_inner][\/vc_row_inner][\/vc_column][\/vc_row]<\/p>\n<\/div>","protected":false},"excerpt":{"rendered":"<p>[vc_row full_width=\u00a0\u00bbstretch_row_content_no_spaces\u00a0\u00bb el_class=\u00a0\u00bbd-none d-md-block\u00a0\u00bb][vc_column][\/vc_column][\/vc_row][vc_row full_width=\u00a0\u00bbstretch_row_content_no_spaces\u00a0\u00bb el_class=\u00a0\u00bbd-block d-md-none\u00a0\u00bb][vc_column][\/vc_column][\/vc_row][vc_row full_width=\u00a0\u00bbstretch_row_content_no_spaces\u00a0\u00bb el_class=\u00a0\u00bbcontact\u00a0\u00bb][vc_column][vc_row_inner][vc_column_inner][vc_column_text css=\u00a0\u00bb\u00a0\u00bb el_class=\u00a0\u00bbgeneral-description\u00a0\u00bb] Nos suites affichent un caract\u00e8re et un style uniques, tandis qu&rsquo;un sentiment d&rsquo;\u00e9l\u00e9gance, d&rsquo;harmonie et de d\u00e9licatesse pr\u00e9vaut partout. [\/vc_column_text][\/vc_column_inner][\/vc_row_inner][vc_row_inner el_id=\u00a0\u00bbcontact-link\u00a0\u00bb][vc_column_inner el_class=\u00a0\u00bbleft-column\u00a0\u00bb width=\u00a0\u00bb1\/2&Prime;][vc_column_text css=\u00a0\u00bb\u00a0\u00bb el_class=\u00a0\u00bbgeneral-mega-title\u00a0\u00bb] Vous avez des questions sur la disponibilit\u00e9 ou sur nos h\u00e9bergements ? N\u2019h\u00e9sitez pas \u00e0 nous contacter. [\/vc_column_text][\/vc_column_inner][vc_column_inner el_class=\u00a0\u00bbbg-color\u00a0\u00bb [&hellip;]<\/p>\n","protected":false},"author":1,"featured_media":0,"parent":0,"menu_order":0,"comment_status":"closed","ping_status":"closed","template":"","meta":{"_acf_changed":false,"inline_featured_image":false,"footnotes":""},"class_list":["post-3914","page","type-page","status-publish","hentry"],"acf":[],"yoast_head":"<!-- This site is optimized with the Yoast SEO plugin v26.9 - https:\/\/yoast.com\/product\/yoast-seo-wordpress\/ -->\n<title>Contact - Eutopia Suites<\/title>\n<meta name=\"robots\" content=\"index, follow, max-snippet:-1, max-image-preview:large, max-video-preview:-1\" \/>\n<link rel=\"canonical\" href=\"https:\/\/eutopiasifnos.com\/fr\/contact\/\" \/>\n<meta property=\"og:locale\" content=\"fr_FR\" \/>\n<meta property=\"og:type\" content=\"article\" \/>\n<meta property=\"og:title\" content=\"Contact - Eutopia Suites\" \/>\n<meta property=\"og:description\" content=\"[vc_row full_width=\u00a0\u00bbstretch_row_content_no_spaces\u00a0\u00bb el_class=\u00a0\u00bbd-none d-md-block\u00a0\u00bb][vc_column][\/vc_column][\/vc_row][vc_row full_width=\u00a0\u00bbstretch_row_content_no_spaces\u00a0\u00bb el_class=\u00a0\u00bbd-block d-md-none\u00a0\u00bb][vc_column][\/vc_column][\/vc_row][vc_row full_width=\u00a0\u00bbstretch_row_content_no_spaces\u00a0\u00bb el_class=\u00a0\u00bbcontact\u00a0\u00bb][vc_column][vc_row_inner][vc_column_inner][vc_column_text css=\u00a0\u00bb\u00a0\u00bb el_class=\u00a0\u00bbgeneral-description\u00a0\u00bb] Nos suites affichent un caract\u00e8re et un style uniques, tandis qu&rsquo;un sentiment d&rsquo;\u00e9l\u00e9gance, d&rsquo;harmonie et de d\u00e9licatesse pr\u00e9vaut partout. [\/vc_column_text][\/vc_column_inner][\/vc_row_inner][vc_row_inner el_id=\u00a0\u00bbcontact-link\u00a0\u00bb][vc_column_inner el_class=\u00a0\u00bbleft-column\u00a0\u00bb width=\u00a0\u00bb1\/2&Prime;][vc_column_text css=\u00a0\u00bb\u00a0\u00bb el_class=\u00a0\u00bbgeneral-mega-title\u00a0\u00bb] Vous avez des questions sur la disponibilit\u00e9 ou sur nos h\u00e9bergements ? N\u2019h\u00e9sitez pas \u00e0 nous contacter. [\/vc_column_text][\/vc_column_inner][vc_column_inner el_class=\u00a0\u00bbbg-color\u00a0\u00bb [&hellip;]\" \/>\n<meta property=\"og:url\" content=\"https:\/\/eutopiasifnos.com\/fr\/contact\/\" \/>\n<meta property=\"og:site_name\" content=\"Eutopia Suites\" \/>\n<meta property=\"article:modified_time\" content=\"2024-06-05T13:15:27+00:00\" \/>\n<meta name=\"twitter:card\" content=\"summary_large_image\" \/>\n<meta name=\"twitter:label1\" content=\"Dur\u00e9e de lecture estim\u00e9e\" \/>\n\t<meta name=\"twitter:data1\" content=\"2 minutes\" \/>\n<script type=\"application\/ld+json\" class=\"yoast-schema-graph\">{\"@context\":\"https:\/\/schema.org\",\"@graph\":[{\"@type\":\"WebPage\",\"@id\":\"https:\/\/eutopiasifnos.com\/fr\/contact\/\",\"url\":\"https:\/\/eutopiasifnos.com\/fr\/contact\/\",\"name\":\"Contact - Eutopia Suites\",\"isPartOf\":{\"@id\":\"https:\/\/eutopiasifnos.com\/#website\"},\"datePublished\":\"2024-03-07T14:54:22+00:00\",\"dateModified\":\"2024-06-05T13:15:27+00:00\",\"breadcrumb\":{\"@id\":\"https:\/\/eutopiasifnos.com\/fr\/contact\/#breadcrumb\"},\"inLanguage\":\"fr-FR\",\"potentialAction\":[{\"@type\":\"ReadAction\",\"target\":[\"https:\/\/eutopiasifnos.com\/fr\/contact\/\"]}]},{\"@type\":\"BreadcrumbList\",\"@id\":\"https:\/\/eutopiasifnos.com\/fr\/contact\/#breadcrumb\",\"itemListElement\":[{\"@type\":\"ListItem\",\"position\":1,\"name\":\"\u0391\u03c1\u03c7\u03b9\u03ba\u03ae\",\"item\":\"https:\/\/eutopiasifnos.com\/fr\/\"},{\"@type\":\"ListItem\",\"position\":2,\"name\":\"Contact\"}]},{\"@type\":\"WebSite\",\"@id\":\"https:\/\/eutopiasifnos.com\/#website\",\"url\":\"https:\/\/eutopiasifnos.com\/\",\"name\":\"Eutopia Suites\",\"description\":\"Sifnos\",\"publisher\":{\"@id\":\"https:\/\/eutopiasifnos.com\/#organization\"},\"potentialAction\":[{\"@type\":\"SearchAction\",\"target\":{\"@type\":\"EntryPoint\",\"urlTemplate\":\"https:\/\/eutopiasifnos.com\/?s={search_term_string}\"},\"query-input\":{\"@type\":\"PropertyValueSpecification\",\"valueRequired\":true,\"valueName\":\"search_term_string\"}}],\"inLanguage\":\"fr-FR\"},{\"@type\":\"Organization\",\"@id\":\"https:\/\/eutopiasifnos.com\/#organization\",\"name\":\"Eutopia Suites\",\"url\":\"https:\/\/eutopiasifnos.com\/\",\"logo\":{\"@type\":\"ImageObject\",\"inLanguage\":\"fr-FR\",\"@id\":\"https:\/\/eutopiasifnos.com\/#\/schema\/logo\/image\/\",\"url\":\"https:\/\/eutopiasifnos.com\/wp-content\/uploads\/2024\/03\/Eutopia-Logo.svg\",\"contentUrl\":\"https:\/\/eutopiasifnos.com\/wp-content\/uploads\/2024\/03\/Eutopia-Logo.svg\",\"width\":166,\"height\":132,\"caption\":\"Eutopia Suites\"},\"image\":{\"@id\":\"https:\/\/eutopiasifnos.com\/#\/schema\/logo\/image\/\"}}]}<\/script>\n<!-- \/ Yoast SEO plugin. -->","yoast_head_json":{"title":"Contact - Eutopia Suites","robots":{"index":"index","follow":"follow","max-snippet":"max-snippet:-1","max-image-preview":"max-image-preview:large","max-video-preview":"max-video-preview:-1"},"canonical":"https:\/\/eutopiasifnos.com\/fr\/contact\/","og_locale":"fr_FR","og_type":"article","og_title":"Contact - Eutopia Suites","og_description":"[vc_row full_width=\u00a0\u00bbstretch_row_content_no_spaces\u00a0\u00bb el_class=\u00a0\u00bbd-none d-md-block\u00a0\u00bb][vc_column][\/vc_column][\/vc_row][vc_row full_width=\u00a0\u00bbstretch_row_content_no_spaces\u00a0\u00bb el_class=\u00a0\u00bbd-block d-md-none\u00a0\u00bb][vc_column][\/vc_column][\/vc_row][vc_row full_width=\u00a0\u00bbstretch_row_content_no_spaces\u00a0\u00bb el_class=\u00a0\u00bbcontact\u00a0\u00bb][vc_column][vc_row_inner][vc_column_inner][vc_column_text css=\u00a0\u00bb\u00a0\u00bb el_class=\u00a0\u00bbgeneral-description\u00a0\u00bb] Nos suites affichent un caract\u00e8re et un style uniques, tandis qu&rsquo;un sentiment d&rsquo;\u00e9l\u00e9gance, d&rsquo;harmonie et de d\u00e9licatesse pr\u00e9vaut partout. [\/vc_column_text][\/vc_column_inner][\/vc_row_inner][vc_row_inner el_id=\u00a0\u00bbcontact-link\u00a0\u00bb][vc_column_inner el_class=\u00a0\u00bbleft-column\u00a0\u00bb width=\u00a0\u00bb1\/2&Prime;][vc_column_text css=\u00a0\u00bb\u00a0\u00bb el_class=\u00a0\u00bbgeneral-mega-title\u00a0\u00bb] Vous avez des questions sur la disponibilit\u00e9 ou sur nos h\u00e9bergements ? N\u2019h\u00e9sitez pas \u00e0 nous contacter. [\/vc_column_text][\/vc_column_inner][vc_column_inner el_class=\u00a0\u00bbbg-color\u00a0\u00bb [&hellip;]","og_url":"https:\/\/eutopiasifnos.com\/fr\/contact\/","og_site_name":"Eutopia Suites","article_modified_time":"2024-06-05T13:15:27+00:00","twitter_card":"summary_large_image","twitter_misc":{"Dur\u00e9e de lecture estim\u00e9e":"2 minutes"},"schema":{"@context":"https:\/\/schema.org","@graph":[{"@type":"WebPage","@id":"https:\/\/eutopiasifnos.com\/fr\/contact\/","url":"https:\/\/eutopiasifnos.com\/fr\/contact\/","name":"Contact - Eutopia Suites","isPartOf":{"@id":"https:\/\/eutopiasifnos.com\/#website"},"datePublished":"2024-03-07T14:54:22+00:00","dateModified":"2024-06-05T13:15:27+00:00","breadcrumb":{"@id":"https:\/\/eutopiasifnos.com\/fr\/contact\/#breadcrumb"},"inLanguage":"fr-FR","potentialAction":[{"@type":"ReadAction","target":["https:\/\/eutopiasifnos.com\/fr\/contact\/"]}]},{"@type":"BreadcrumbList","@id":"https:\/\/eutopiasifnos.com\/fr\/contact\/#breadcrumb","itemListElement":[{"@type":"ListItem","position":1,"name":"\u0391\u03c1\u03c7\u03b9\u03ba\u03ae","item":"https:\/\/eutopiasifnos.com\/fr\/"},{"@type":"ListItem","position":2,"name":"Contact"}]},{"@type":"WebSite","@id":"https:\/\/eutopiasifnos.com\/#website","url":"https:\/\/eutopiasifnos.com\/","name":"Eutopia Suites","description":"Sifnos","publisher":{"@id":"https:\/\/eutopiasifnos.com\/#organization"},"potentialAction":[{"@type":"SearchAction","target":{"@type":"EntryPoint","urlTemplate":"https:\/\/eutopiasifnos.com\/?s={search_term_string}"},"query-input":{"@type":"PropertyValueSpecification","valueRequired":true,"valueName":"search_term_string"}}],"inLanguage":"fr-FR"},{"@type":"Organization","@id":"https:\/\/eutopiasifnos.com\/#organization","name":"Eutopia Suites","url":"https:\/\/eutopiasifnos.com\/","logo":{"@type":"ImageObject","inLanguage":"fr-FR","@id":"https:\/\/eutopiasifnos.com\/#\/schema\/logo\/image\/","url":"https:\/\/eutopiasifnos.com\/wp-content\/uploads\/2024\/03\/Eutopia-Logo.svg","contentUrl":"https:\/\/eutopiasifnos.com\/wp-content\/uploads\/2024\/03\/Eutopia-Logo.svg","width":166,"height":132,"caption":"Eutopia Suites"},"image":{"@id":"https:\/\/eutopiasifnos.com\/#\/schema\/logo\/image\/"}}]}},"_links":{"self":[{"href":"https:\/\/eutopiasifnos.com\/fr\/wp-json\/wp\/v2\/pages\/3914","targetHints":{"allow":["GET"]}}],"collection":[{"href":"https:\/\/eutopiasifnos.com\/fr\/wp-json\/wp\/v2\/pages"}],"about":[{"href":"https:\/\/eutopiasifnos.com\/fr\/wp-json\/wp\/v2\/types\/page"}],"author":[{"embeddable":true,"href":"https:\/\/eutopiasifnos.com\/fr\/wp-json\/wp\/v2\/users\/1"}],"replies":[{"embeddable":true,"href":"https:\/\/eutopiasifnos.com\/fr\/wp-json\/wp\/v2\/comments?post=3914"}],"version-history":[{"count":6,"href":"https:\/\/eutopiasifnos.com\/fr\/wp-json\/wp\/v2\/pages\/3914\/revisions"}],"predecessor-version":[{"id":4126,"href":"https:\/\/eutopiasifnos.com\/fr\/wp-json\/wp\/v2\/pages\/3914\/revisions\/4126"}],"wp:attachment":[{"href":"https:\/\/eutopiasifnos.com\/fr\/wp-json\/wp\/v2\/media?parent=3914"}],"curies":[{"name":"wp","href":"https:\/\/api.w.org\/{rel}","templated":true}]}}