{"id":3843,"date":"2024-03-07T16:20:29","date_gmt":"2024-03-07T14:20:29","guid":{"rendered":"https:\/\/eutopiasifnos.com\/paroxes\/"},"modified":"2024-06-05T15:12:12","modified_gmt":"2024-06-05T13:12:12","slug":"paroxes","status":"publish","type":"page","link":"https:\/\/eutopiasifnos.com\/fr\/paroxes\/","title":{"rendered":"Commodit\u00e9s"},"content":{"rendered":"<div class=\"wpb-content-wrapper\"><p>[vc_row full_width=\u00a0\u00bbstretch_row_content_no_spaces\u00a0\u00bb el_class=\u00a0\u00bbd-none d-md-block\u00a0\u00bb][vc_column]<div class=\"ult-content-box-container main-slider\" >\t\t<div class=\"ult-content-box\" style=\"box-shadow: px px px px none;-webkit-transition: all 700ms ease;-moz-transition: all 700ms ease;-ms-transition: all 700ms ease;-o-transition: all 700ms ease;transition: all 700ms ease;\"  data-hover_box_shadow=\"none\"    >[vc_single_image image=\u00a0\u00bb3863&Prime; img_size=\u00a0\u00bb1920 x 930&Prime; css=\u00a0\u00bb\u00a0\u00bb]<div class=\"ult-animation main-slider_text ult-animate-viewport  ult-no-mobile \" data-animate=\"No Animation\" data-animation-delay=\"0\" data-animation-duration=\"3\" data-animation-iteration=\"1\" style=\"opacity:0;\" data-opacity_start_effect=\"\">[vc_column_text css=\u00a0\u00bb\u00a0\u00bb el_class=\u00a0\u00bbmega-title\u00a0\u00bb]Commodit\u00e9s[\/vc_column_text]<\/div>\t\t<\/div><\/div>[\/vc_column][\/vc_row][vc_row full_width=\u00a0\u00bbstretch_row_content_no_spaces\u00a0\u00bb el_class=\u00a0\u00bbd-block d-md-none\u00a0\u00bb][vc_column]<div class=\"ult-content-box-container main-slider\" >\t\t<div class=\"ult-content-box\" style=\"box-shadow: px px px px none;-webkit-transition: all 700ms ease;-moz-transition: all 700ms ease;-ms-transition: all 700ms ease;-o-transition: all 700ms ease;transition: all 700ms ease;\"  data-hover_box_shadow=\"none\"    >[vc_single_image image=\u00a0\u00bb3864&Prime; img_size=\u00a0\u00bbfull\u00a0\u00bb css=\u00a0\u00bb\u00a0\u00bb]<div class=\"ult-animation main-slider_text ult-animate-viewport  ult-no-mobile \" data-animate=\"No Animation\" data-animation-delay=\"0\" data-animation-duration=\"3\" data-animation-iteration=\"1\" style=\"opacity:0;\" data-opacity_start_effect=\"\">[vc_column_text css=\u00a0\u00bb\u00a0\u00bb el_class=\u00a0\u00bbmega-title\u00a0\u00bb]Commodit\u00e9s[\/vc_column_text]<\/div>\t\t<\/div><\/div>[\/vc_column][\/vc_row][vc_row el_class=\u00a0\u00bbparoxes banners internal-pages\u00a0\u00bb][vc_column][vc_column_text css=\u00a0\u00bb\u00a0\u00bb el_class=\u00a0\u00bbgeneral-description\u00a0\u00bb]<\/p>\n<p style=\"text-align: center;\">Eutopia Suites se composent d&rsquo;espaces int\u00e9rieurs et ext\u00e9rieurs spacieux.<\/p>\n<p>[\/vc_column_text][vc_row_inner][vc_column_inner width=\u00a0\u00bb1\/2&Prime;][vc_single_image image=\u00a0\u00bb3858&Prime; img_size=\u00a0\u00bbfull\u00a0\u00bb alignment=\u00a0\u00bbcenter\u00a0\u00bb css=\u00a0\u00bb\u00a0\u00bb el_class=\u00a0\u00bbcropped-bottom-right\u00a0\u00bb][\/vc_column_inner][vc_column_inner el_class=\u00a0\u00bbcontent-column\u00a0\u00bb width=\u00a0\u00bb1\/2&Prime;][vc_column_text css=\u00a0\u00bb\u00a0\u00bb el_class=\u00a0\u00bbgeneral-mega-title\u00a0\u00bb]<\/p>\n<p style=\"text-align: center;\">Petit-d\u00e9jeuner<\/p>\n<p>[\/vc_column_text][vc_column_text css=\u00a0\u00bb\u00a0\u00bb el_class=\u00a0\u00bbgeneral-title\u00a0\u00bb]Notre petit-d\u00e9jeuner n&rsquo;est pas juste un simple repas. C&rsquo;est une exp\u00e9rience qui vous fait voyager \u00e0 travers la tradition et le go\u00fbt authentique de Sifnos, en proposant des produits frais locaux et des recettes traditionnelles.[\/vc_column_text][\/vc_column_inner][\/vc_row_inner][vc_row_inner][vc_column_inner width=\u00a0\u00bb1\/2&Prime;][vc_single_image image=\u00a0\u00bb3867&Prime; img_size=\u00a0\u00bbfull\u00a0\u00bb alignment=\u00a0\u00bbcenter\u00a0\u00bb css=\u00a0\u00bb\u00a0\u00bb el_class=\u00a0\u00bbcropped-top\u00a0\u00bb][vc_column_text css=\u00a0\u00bb\u00a0\u00bb el_class=\u00a0\u00bbgeneral-mega-title\u00a0\u00bb]<\/p>\n<p style=\"text-align: center;\">Les Pool<\/p>\n<p>[\/vc_column_text][vc_column_text css=\u00a0\u00bb\u00a0\u00bb el_class=\u00a0\u00bbgeneral-title\u00a0\u00bb]<\/p>\n<p style=\"text-align: left;\"><strong>Eutopia Suites <\/strong>disposent d&rsquo;une piscine ext\u00e9rieure commune o\u00f9 les h\u00f4tes peuvent nager en toute s\u00e9curit\u00e9 et rajeunir leur corps et leur esprit. Les chaises longues confortables sont id\u00e9ales pour bronzer et se d\u00e9tendre sous le soleil grec.<\/p>\n<p>[\/vc_column_text][\/vc_column_inner][vc_column_inner width=\u00a0\u00bb1\/2&Prime;][vc_single_image image=\u00a0\u00bb3861&Prime; img_size=\u00a0\u00bbfull\u00a0\u00bb alignment=\u00a0\u00bbcenter\u00a0\u00bb css=\u00a0\u00bb\u00a0\u00bb][vc_column_text css=\u00a0\u00bb\u00a0\u00bb el_class=\u00a0\u00bbgeneral-mega-title\u00a0\u00bb]<\/p>\n<p style=\"text-align: center;\">\u03a4he Fitness Corner<\/p>\n<p>[\/vc_column_text][vc_column_text css=\u00a0\u00bb\u00a0\u00bb el_class=\u00a0\u00bbgeneral-title\u00a0\u00bb]<\/p>\n<p style=\"text-align: left;\">Commencez votre journ\u00e9e avec \u00e9nergie et force dans notre coin fitness en plein air. Equip\u00e9 d&rsquo;un banc, d&rsquo;halt\u00e8res, de tapis et de ballons d&rsquo;exercice, nous offrons une exp\u00e9rience de bien-\u00eatre compl\u00e8te \u00e0 nos h\u00f4tes.<\/p>\n<p>[\/vc_column_text][\/vc_column_inner][\/vc_row_inner][\/vc_column][\/vc_row][vc_row full_width=\u00a0\u00bbstretch_row_content_no_spaces\u00a0\u00bb bg_type=\u00a0\u00bbbg_color\u00a0\u00bb bg_override=\u00a0\u00bbfull\u00a0\u00bb bg_color_value=\u00a0\u00bb#8a7353&Prime; el_class=\u00a0\u00bbparoxes brown internal-pages\u00a0\u00bb][vc_column][vc_column_text css=\u00a0\u00bb\u00a0\u00bb el_class=\u00a0\u00bbgeneral-title\u00a0\u00bb]<\/p>\n<p style=\"text-align: center;\">COMMODIT\u00c9S SUPPL\u00c9MENTAIRES<\/p>\n<p>[\/vc_column_text][vc_row_inner][vc_column_inner width=\u00a0\u00bb1\/2&Prime;][vc_single_image image=\u00a0\u00bb3850&Prime; alignment=\u00a0\u00bbcenter\u00a0\u00bb css=\u00a0\u00bb.vc_custom_1710327973797{margin-bottom: 0px !important;}\u00a0\u00bb][vc_column_text css=\u00a0\u00bb\u00a0\u00bb el_class=\u00a0\u00bbgeneral-mega-title\u00a0\u00bb]<\/p>\n<p style=\"text-align: center;\">D\u00e9tendez-vous sur nos chaises longues avec vue sur la mer \u00c9g\u00e9e<\/p>\n<p>[\/vc_column_text][vc_column_text css=\u00a0\u00bb\u00a0\u00bb el_class=\u00a0\u00bbdescription\u00a0\u00bb]<\/p>\n<p style=\"text-align: center;\">Profitez du soleil grec, de la mer et de la vue sur Vathi depuis nos chaises longues confortables. Choisissez votre cocktail pr\u00e9f\u00e9r\u00e9 et vivez des moments de d\u00e9tente et de luxe avec vos proches dans l\u2019environnement divin d&rsquo;Eutopia Suites Sifnos.<\/p>\n<p>[\/vc_column_text][\/vc_column_inner][vc_column_inner width=\u00a0\u00bb1\/2&Prime;][vc_single_image image=\u00a0\u00bb3854&Prime; alignment=\u00a0\u00bbcenter\u00a0\u00bb css=\u00a0\u00bb.vc_custom_1710327983170{margin-bottom: 0px !important;}\u00a0\u00bb][vc_column_text css=\u00a0\u00bb\u00a0\u00bb el_class=\u00a0\u00bbgeneral-mega-title\u00a0\u00bb]<\/p>\n<p style=\"text-align: center;\">L&#8217;emplacement id\u00e9al de notre h\u00f4tel<\/p>\n<p>[\/vc_column_text][vc_column_text css=\u00a0\u00bb\u00a0\u00bb el_class=\u00a0\u00bbdescription\u00a0\u00bb]<\/p>\n<p style=\"text-align: center;\">D\u00e9tendez-vous et profitez de la plage sans vous soucier du transport. L&rsquo;acc\u00e8s imm\u00e9diat, \u00e0 pied ou en voiture, au paysage baln\u00e9aire est la combinaison parfaite pour une escapade rafra\u00eechissante et de courte dur\u00e9e.<\/p>\n<p>[\/vc_column_text][\/vc_column_inner][\/vc_row_inner][vc_row_inner el_class=\u00a0\u00bbsecond-row\u00a0\u00bb][vc_column_inner width=\u00a0\u00bb1\/2&Prime;][vc_single_image image=\u00a0\u00bb3853&Prime; alignment=\u00a0\u00bbcenter\u00a0\u00bb css=\u00a0\u00bb.vc_custom_1710327990722{margin-bottom: 0px !important;}\u00a0\u00bb][vc_column_text css=\u00a0\u00bb\u00a0\u00bb el_class=\u00a0\u00bbgeneral-mega-title\u00a0\u00bb]<\/p>\n<p style=\"text-align: center;\">Transfert confortable du port \u00e0 l&rsquo;h\u00f4tel<\/p>\n<p>[\/vc_column_text][vc_column_text css=\u00a0\u00bb\u00a0\u00bb el_class=\u00a0\u00bbdescription\u00a0\u00bb]<\/p>\n<p style=\"text-align: center;\">Confiez-nous le transfert et profitez de votre voyage autour de l&rsquo;\u00eele et vers les lieux que vous souhaitez visiter. Moyennant un co\u00fbt suppl\u00e9mentaire, nous vous proposons un service complet qui assure votre aisance et votre confort d\u00e8s votre arriv\u00e9e.<\/p>\n<p>[\/vc_column_text][\/vc_column_inner][vc_column_inner width=\u00a0\u00bb1\/2&Prime;][vc_single_image image=\u00a0\u00bb3855&Prime; alignment=\u00a0\u00bbcenter\u00a0\u00bb css=\u00a0\u00bb.vc_custom_1710327996457{margin-bottom: 0px !important;}\u00a0\u00bb][vc_column_text css=\u00a0\u00bb\u00a0\u00bb el_class=\u00a0\u00bbgeneral-mega-title\u00a0\u00bb]<\/p>\n<p style=\"text-align: center;\">Location de v\u00e9hicules et parking priv\u00e9<\/p>\n<p>[\/vc_column_text][vc_column_text css=\u00a0\u00bb\u00a0\u00bb el_class=\u00a0\u00bbdescription\u00a0\u00bb]<\/p>\n<p style=\"text-align: center;\">Simple, confortable et fiable, contactez-nous pour profiter de la commodit\u00e9 d&rsquo;avoir votre v\u00e9hicule de location \u00e0 Sifnos tout au long de vos vacances. De plus, profitez de la commodit\u00e9 de parking disponible \u00e0 l&rsquo;Eutopia Suites Sifnos.<\/p>\n<p>[\/vc_column_text][\/vc_column_inner][\/vc_row_inner][\/vc_column][\/vc_row][vc_row full_width=\u00a0\u00bbstretch_row_content_no_spaces\u00a0\u00bb el_class=\u00a0\u00bbbottom-row\u00a0\u00bb][vc_column][vc_row_inner el_class=\u00a0\u00bbbottom-row_content\u00a0\u00bb][vc_column_inner el_class=\u00a0\u00bbimg\u00a0\u00bb width=\u00a0\u00bb1\/3&Prime;][vc_single_image image=\u00a0\u00bb3866&Prime; img_size=\u00a0\u00bbfull\u00a0\u00bb alignment=\u00a0\u00bbcenter\u00a0\u00bb css=\u00a0\u00bb\u00a0\u00bb][\/vc_column_inner][vc_column_inner el_class=\u00a0\u00bbimg right\u00a0\u00bb width=\u00a0\u00bb1\/3&Prime;][vc_single_image image=\u00a0\u00bb3865&Prime; img_size=\u00a0\u00bbfull\u00a0\u00bb alignment=\u00a0\u00bbcenter\u00a0\u00bb css=\u00a0\u00bb\u00a0\u00bb el_class=\u00a0\u00bbcropped-bottom-left\u00a0\u00bb][\/vc_column_inner][vc_column_inner el_class=\u00a0\u00bbcontent\u00a0\u00bb width=\u00a0\u00bb1\/3&Prime;][vc_column_text css=\u00a0\u00bb\u00a0\u00bb el_class=\u00a0\u00bbgeneral-title\u00a0\u00bb]<\/p>\n<p style=\"text-align: center;\">H\u00e9bergement<\/p>\n<p>[\/vc_column_text][vc_column_text css=\u00a0\u00bb\u00a0\u00bb el_class=\u00a0\u00bbgeneral-mega-title\u00a0\u00bb]<\/p>\n<p style=\"text-align: center;\">Nous avons la suite parfaite pour vous.<\/p>\n<p>[\/vc_column_text]<span id=\"creative-link-wrap-2978\" class=\"ult_main_cl ult-adjust-bottom-margin button-w-icon \" >\n\t \t\t\t<span class=\"  ult_crlink\" >\n\t\t\t\t\t<a  data-ultimate-target='#creative-link-wrap-2978 .ult_colorlink'  data-responsive-json-new='{\"font-size\":\"\",\"line-height\":\"\"}'  href=\"\/fr\/diamoni\/\"  class=\"ult_colorlink ult-responsive \" style=\"font-weight:normal; \"  data-textcolor=\"#333333\" data-texthover=\"#333333\"data-style=\"\">\n\t\t\t\t\t\t\n\t\t\t\t\t\t<span data-hover=\"VOIR LES OPTIONS\" style=\"color:#333333;;;\" class=\"ult_btn10_span   \">VOIR LES OPTIONS<\/span>\n\t\t\t\t\t\t\n\t\t\t\t\t<\/a>\n\t\t\t\t<\/span>\n\t\t\t<\/span>[\/vc_column_inner][\/vc_row_inner][\/vc_column][\/vc_row]<\/p>\n<\/div>","protected":false},"excerpt":{"rendered":"<p>[vc_row full_width=\u00a0\u00bbstretch_row_content_no_spaces\u00a0\u00bb el_class=\u00a0\u00bbd-none d-md-block\u00a0\u00bb][vc_column][\/vc_column][\/vc_row][vc_row full_width=\u00a0\u00bbstretch_row_content_no_spaces\u00a0\u00bb el_class=\u00a0\u00bbd-block d-md-none\u00a0\u00bb][vc_column][\/vc_column][\/vc_row][vc_row el_class=\u00a0\u00bbparoxes banners internal-pages\u00a0\u00bb][vc_column][vc_column_text css=\u00a0\u00bb\u00a0\u00bb el_class=\u00a0\u00bbgeneral-description\u00a0\u00bb] Eutopia Suites se composent d&rsquo;espaces int\u00e9rieurs et ext\u00e9rieurs spacieux. [\/vc_column_text][vc_row_inner][vc_column_inner width=\u00a0\u00bb1\/2&Prime;][vc_single_image image=\u00a0\u00bb3858&Prime; img_size=\u00a0\u00bbfull\u00a0\u00bb alignment=\u00a0\u00bbcenter\u00a0\u00bb css=\u00a0\u00bb\u00a0\u00bb el_class=\u00a0\u00bbcropped-bottom-right\u00a0\u00bb][\/vc_column_inner][vc_column_inner el_class=\u00a0\u00bbcontent-column\u00a0\u00bb width=\u00a0\u00bb1\/2&Prime;][vc_column_text css=\u00a0\u00bb\u00a0\u00bb el_class=\u00a0\u00bbgeneral-mega-title\u00a0\u00bb] Petit-d\u00e9jeuner [\/vc_column_text][vc_column_text css=\u00a0\u00bb\u00a0\u00bb el_class=\u00a0\u00bbgeneral-title\u00a0\u00bb]Notre petit-d\u00e9jeuner n&rsquo;est pas juste un simple repas. C&rsquo;est une exp\u00e9rience qui vous fait voyager \u00e0 travers la tradition et [&hellip;]<\/p>\n","protected":false},"author":1,"featured_media":0,"parent":0,"menu_order":0,"comment_status":"closed","ping_status":"closed","template":"","meta":{"_acf_changed":false,"inline_featured_image":false,"footnotes":""},"class_list":["post-3843","page","type-page","status-publish","hentry"],"acf":[],"yoast_head":"<!-- This site is optimized with the Yoast SEO plugin v26.9 - https:\/\/yoast.com\/product\/yoast-seo-wordpress\/ -->\n<title>Commodit\u00e9s - Eutopia Suites<\/title>\n<meta name=\"robots\" content=\"index, follow, max-snippet:-1, max-image-preview:large, max-video-preview:-1\" \/>\n<link rel=\"canonical\" href=\"https:\/\/eutopiasifnos.com\/fr\/paroxes\/\" \/>\n<meta property=\"og:locale\" content=\"fr_FR\" \/>\n<meta property=\"og:type\" content=\"article\" \/>\n<meta property=\"og:title\" content=\"Commodit\u00e9s - Eutopia Suites\" \/>\n<meta property=\"og:description\" content=\"[vc_row full_width=\u00a0\u00bbstretch_row_content_no_spaces\u00a0\u00bb el_class=\u00a0\u00bbd-none d-md-block\u00a0\u00bb][vc_column][\/vc_column][\/vc_row][vc_row full_width=\u00a0\u00bbstretch_row_content_no_spaces\u00a0\u00bb el_class=\u00a0\u00bbd-block d-md-none\u00a0\u00bb][vc_column][\/vc_column][\/vc_row][vc_row el_class=\u00a0\u00bbparoxes banners internal-pages\u00a0\u00bb][vc_column][vc_column_text css=\u00a0\u00bb\u00a0\u00bb el_class=\u00a0\u00bbgeneral-description\u00a0\u00bb] Eutopia Suites se composent d&rsquo;espaces int\u00e9rieurs et ext\u00e9rieurs spacieux. [\/vc_column_text][vc_row_inner][vc_column_inner width=\u00a0\u00bb1\/2&Prime;][vc_single_image image=\u00a0\u00bb3858&Prime; img_size=\u00a0\u00bbfull\u00a0\u00bb alignment=\u00a0\u00bbcenter\u00a0\u00bb css=\u00a0\u00bb\u00a0\u00bb el_class=\u00a0\u00bbcropped-bottom-right\u00a0\u00bb][\/vc_column_inner][vc_column_inner el_class=\u00a0\u00bbcontent-column\u00a0\u00bb width=\u00a0\u00bb1\/2&Prime;][vc_column_text css=\u00a0\u00bb\u00a0\u00bb el_class=\u00a0\u00bbgeneral-mega-title\u00a0\u00bb] Petit-d\u00e9jeuner [\/vc_column_text][vc_column_text css=\u00a0\u00bb\u00a0\u00bb el_class=\u00a0\u00bbgeneral-title\u00a0\u00bb]Notre petit-d\u00e9jeuner n&rsquo;est pas juste un simple repas. C&rsquo;est une exp\u00e9rience qui vous fait voyager \u00e0 travers la tradition et [&hellip;]\" \/>\n<meta property=\"og:url\" content=\"https:\/\/eutopiasifnos.com\/fr\/paroxes\/\" \/>\n<meta property=\"og:site_name\" content=\"Eutopia Suites\" \/>\n<meta property=\"article:modified_time\" content=\"2024-06-05T13:12:12+00:00\" \/>\n<meta name=\"twitter:card\" content=\"summary_large_image\" \/>\n<meta name=\"twitter:label1\" content=\"Dur\u00e9e de lecture estim\u00e9e\" \/>\n\t<meta name=\"twitter:data1\" content=\"5 minutes\" \/>\n<script type=\"application\/ld+json\" class=\"yoast-schema-graph\">{\"@context\":\"https:\/\/schema.org\",\"@graph\":[{\"@type\":\"WebPage\",\"@id\":\"https:\/\/eutopiasifnos.com\/fr\/paroxes\/\",\"url\":\"https:\/\/eutopiasifnos.com\/fr\/paroxes\/\",\"name\":\"Commodit\u00e9s - Eutopia Suites\",\"isPartOf\":{\"@id\":\"https:\/\/eutopiasifnos.com\/#website\"},\"datePublished\":\"2024-03-07T14:20:29+00:00\",\"dateModified\":\"2024-06-05T13:12:12+00:00\",\"breadcrumb\":{\"@id\":\"https:\/\/eutopiasifnos.com\/fr\/paroxes\/#breadcrumb\"},\"inLanguage\":\"fr-FR\",\"potentialAction\":[{\"@type\":\"ReadAction\",\"target\":[\"https:\/\/eutopiasifnos.com\/fr\/paroxes\/\"]}]},{\"@type\":\"BreadcrumbList\",\"@id\":\"https:\/\/eutopiasifnos.com\/fr\/paroxes\/#breadcrumb\",\"itemListElement\":[{\"@type\":\"ListItem\",\"position\":1,\"name\":\"\u0391\u03c1\u03c7\u03b9\u03ba\u03ae\",\"item\":\"https:\/\/eutopiasifnos.com\/fr\/\"},{\"@type\":\"ListItem\",\"position\":2,\"name\":\"Commodit\u00e9s\"}]},{\"@type\":\"WebSite\",\"@id\":\"https:\/\/eutopiasifnos.com\/#website\",\"url\":\"https:\/\/eutopiasifnos.com\/\",\"name\":\"Eutopia Suites\",\"description\":\"Sifnos\",\"publisher\":{\"@id\":\"https:\/\/eutopiasifnos.com\/#organization\"},\"potentialAction\":[{\"@type\":\"SearchAction\",\"target\":{\"@type\":\"EntryPoint\",\"urlTemplate\":\"https:\/\/eutopiasifnos.com\/?s={search_term_string}\"},\"query-input\":{\"@type\":\"PropertyValueSpecification\",\"valueRequired\":true,\"valueName\":\"search_term_string\"}}],\"inLanguage\":\"fr-FR\"},{\"@type\":\"Organization\",\"@id\":\"https:\/\/eutopiasifnos.com\/#organization\",\"name\":\"Eutopia Suites\",\"url\":\"https:\/\/eutopiasifnos.com\/\",\"logo\":{\"@type\":\"ImageObject\",\"inLanguage\":\"fr-FR\",\"@id\":\"https:\/\/eutopiasifnos.com\/#\/schema\/logo\/image\/\",\"url\":\"https:\/\/eutopiasifnos.com\/wp-content\/uploads\/2024\/03\/Eutopia-Logo.svg\",\"contentUrl\":\"https:\/\/eutopiasifnos.com\/wp-content\/uploads\/2024\/03\/Eutopia-Logo.svg\",\"width\":166,\"height\":132,\"caption\":\"Eutopia Suites\"},\"image\":{\"@id\":\"https:\/\/eutopiasifnos.com\/#\/schema\/logo\/image\/\"}}]}<\/script>\n<!-- \/ Yoast SEO plugin. -->","yoast_head_json":{"title":"Commodit\u00e9s - Eutopia Suites","robots":{"index":"index","follow":"follow","max-snippet":"max-snippet:-1","max-image-preview":"max-image-preview:large","max-video-preview":"max-video-preview:-1"},"canonical":"https:\/\/eutopiasifnos.com\/fr\/paroxes\/","og_locale":"fr_FR","og_type":"article","og_title":"Commodit\u00e9s - Eutopia Suites","og_description":"[vc_row full_width=\u00a0\u00bbstretch_row_content_no_spaces\u00a0\u00bb el_class=\u00a0\u00bbd-none d-md-block\u00a0\u00bb][vc_column][\/vc_column][\/vc_row][vc_row full_width=\u00a0\u00bbstretch_row_content_no_spaces\u00a0\u00bb el_class=\u00a0\u00bbd-block d-md-none\u00a0\u00bb][vc_column][\/vc_column][\/vc_row][vc_row el_class=\u00a0\u00bbparoxes banners internal-pages\u00a0\u00bb][vc_column][vc_column_text css=\u00a0\u00bb\u00a0\u00bb el_class=\u00a0\u00bbgeneral-description\u00a0\u00bb] Eutopia Suites se composent d&rsquo;espaces int\u00e9rieurs et ext\u00e9rieurs spacieux. [\/vc_column_text][vc_row_inner][vc_column_inner width=\u00a0\u00bb1\/2&Prime;][vc_single_image image=\u00a0\u00bb3858&Prime; img_size=\u00a0\u00bbfull\u00a0\u00bb alignment=\u00a0\u00bbcenter\u00a0\u00bb css=\u00a0\u00bb\u00a0\u00bb el_class=\u00a0\u00bbcropped-bottom-right\u00a0\u00bb][\/vc_column_inner][vc_column_inner el_class=\u00a0\u00bbcontent-column\u00a0\u00bb width=\u00a0\u00bb1\/2&Prime;][vc_column_text css=\u00a0\u00bb\u00a0\u00bb el_class=\u00a0\u00bbgeneral-mega-title\u00a0\u00bb] Petit-d\u00e9jeuner [\/vc_column_text][vc_column_text css=\u00a0\u00bb\u00a0\u00bb el_class=\u00a0\u00bbgeneral-title\u00a0\u00bb]Notre petit-d\u00e9jeuner n&rsquo;est pas juste un simple repas. C&rsquo;est une exp\u00e9rience qui vous fait voyager \u00e0 travers la tradition et [&hellip;]","og_url":"https:\/\/eutopiasifnos.com\/fr\/paroxes\/","og_site_name":"Eutopia Suites","article_modified_time":"2024-06-05T13:12:12+00:00","twitter_card":"summary_large_image","twitter_misc":{"Dur\u00e9e de lecture estim\u00e9e":"5 minutes"},"schema":{"@context":"https:\/\/schema.org","@graph":[{"@type":"WebPage","@id":"https:\/\/eutopiasifnos.com\/fr\/paroxes\/","url":"https:\/\/eutopiasifnos.com\/fr\/paroxes\/","name":"Commodit\u00e9s - Eutopia Suites","isPartOf":{"@id":"https:\/\/eutopiasifnos.com\/#website"},"datePublished":"2024-03-07T14:20:29+00:00","dateModified":"2024-06-05T13:12:12+00:00","breadcrumb":{"@id":"https:\/\/eutopiasifnos.com\/fr\/paroxes\/#breadcrumb"},"inLanguage":"fr-FR","potentialAction":[{"@type":"ReadAction","target":["https:\/\/eutopiasifnos.com\/fr\/paroxes\/"]}]},{"@type":"BreadcrumbList","@id":"https:\/\/eutopiasifnos.com\/fr\/paroxes\/#breadcrumb","itemListElement":[{"@type":"ListItem","position":1,"name":"\u0391\u03c1\u03c7\u03b9\u03ba\u03ae","item":"https:\/\/eutopiasifnos.com\/fr\/"},{"@type":"ListItem","position":2,"name":"Commodit\u00e9s"}]},{"@type":"WebSite","@id":"https:\/\/eutopiasifnos.com\/#website","url":"https:\/\/eutopiasifnos.com\/","name":"Eutopia Suites","description":"Sifnos","publisher":{"@id":"https:\/\/eutopiasifnos.com\/#organization"},"potentialAction":[{"@type":"SearchAction","target":{"@type":"EntryPoint","urlTemplate":"https:\/\/eutopiasifnos.com\/?s={search_term_string}"},"query-input":{"@type":"PropertyValueSpecification","valueRequired":true,"valueName":"search_term_string"}}],"inLanguage":"fr-FR"},{"@type":"Organization","@id":"https:\/\/eutopiasifnos.com\/#organization","name":"Eutopia Suites","url":"https:\/\/eutopiasifnos.com\/","logo":{"@type":"ImageObject","inLanguage":"fr-FR","@id":"https:\/\/eutopiasifnos.com\/#\/schema\/logo\/image\/","url":"https:\/\/eutopiasifnos.com\/wp-content\/uploads\/2024\/03\/Eutopia-Logo.svg","contentUrl":"https:\/\/eutopiasifnos.com\/wp-content\/uploads\/2024\/03\/Eutopia-Logo.svg","width":166,"height":132,"caption":"Eutopia Suites"},"image":{"@id":"https:\/\/eutopiasifnos.com\/#\/schema\/logo\/image\/"}}]}},"_links":{"self":[{"href":"https:\/\/eutopiasifnos.com\/fr\/wp-json\/wp\/v2\/pages\/3843","targetHints":{"allow":["GET"]}}],"collection":[{"href":"https:\/\/eutopiasifnos.com\/fr\/wp-json\/wp\/v2\/pages"}],"about":[{"href":"https:\/\/eutopiasifnos.com\/fr\/wp-json\/wp\/v2\/types\/page"}],"author":[{"embeddable":true,"href":"https:\/\/eutopiasifnos.com\/fr\/wp-json\/wp\/v2\/users\/1"}],"replies":[{"embeddable":true,"href":"https:\/\/eutopiasifnos.com\/fr\/wp-json\/wp\/v2\/comments?post=3843"}],"version-history":[{"count":5,"href":"https:\/\/eutopiasifnos.com\/fr\/wp-json\/wp\/v2\/pages\/3843\/revisions"}],"predecessor-version":[{"id":4122,"href":"https:\/\/eutopiasifnos.com\/fr\/wp-json\/wp\/v2\/pages\/3843\/revisions\/4122"}],"wp:attachment":[{"href":"https:\/\/eutopiasifnos.com\/fr\/wp-json\/wp\/v2\/media?parent=3843"}],"curies":[{"name":"wp","href":"https:\/\/api.w.org\/{rel}","templated":true}]}}