{"id":3831,"date":"2024-03-07T16:19:29","date_gmt":"2024-03-07T14:19:29","guid":{"rendered":"https:\/\/eutopiasifnos.com\/eutopia\/"},"modified":"2024-06-05T15:03:51","modified_gmt":"2024-06-05T13:03:51","slug":"eutopia","status":"publish","type":"page","link":"https:\/\/eutopiasifnos.com\/fr\/eutopia\/","title":{"rendered":"Eutopia"},"content":{"rendered":"<div class=\"wpb-content-wrapper\"><p>[vc_row full_width=\u00a0\u00bbstretch_row_content_no_spaces\u00a0\u00bb el_class=\u00a0\u00bbd-none d-md-block\u00a0\u00bb][vc_column]<div class=\"ult-content-box-container main-slider\" >\t\t<div class=\"ult-content-box\" style=\"box-shadow: px px px px none;-webkit-transition: all 700ms ease;-moz-transition: all 700ms ease;-ms-transition: all 700ms ease;-o-transition: all 700ms ease;transition: all 700ms ease;\"  data-hover_box_shadow=\"none\"    >[vc_single_image image=\u00a0\u00bb3837&Prime; img_size=\u00a0\u00bb1920 x 930&Prime; css=\u00a0\u00bb\u00a0\u00bb]<div class=\"ult-animation main-slider_text ult-animate-viewport  ult-no-mobile \" data-animate=\"No Animation\" data-animation-delay=\"0\" data-animation-duration=\"3\" data-animation-iteration=\"1\" style=\"opacity:0;\" data-opacity_start_effect=\"\">[vc_column_text css=\u00a0\u00bb\u00a0\u00bb el_class=\u00a0\u00bbmega-title\u00a0\u00bb]Eutopia[\/vc_column_text]<\/div>\t\t<\/div><\/div>[\/vc_column][\/vc_row][vc_row full_width=\u00a0\u00bbstretch_row_content_no_spaces\u00a0\u00bb el_class=\u00a0\u00bbd-block d-md-none\u00a0\u00bb][vc_column]<div class=\"ult-content-box-container main-slider\" >\t\t<div class=\"ult-content-box\" style=\"box-shadow: px px px px none;-webkit-transition: all 700ms ease;-moz-transition: all 700ms ease;-ms-transition: all 700ms ease;-o-transition: all 700ms ease;transition: all 700ms ease;\"  data-hover_box_shadow=\"none\"    >[vc_single_image image=\u00a0\u00bb3838&Prime; img_size=\u00a0\u00bbfull\u00a0\u00bb css=\u00a0\u00bb\u00a0\u00bb]<div class=\"ult-animation main-slider_text ult-animate-viewport  ult-no-mobile \" data-animate=\"No Animation\" data-animation-delay=\"0\" data-animation-duration=\"3\" data-animation-iteration=\"1\" style=\"opacity:0;\" data-opacity_start_effect=\"\">[vc_column_text css=\u00a0\u00bb\u00a0\u00bb el_class=\u00a0\u00bbmega-title\u00a0\u00bb]Eutopia[\/vc_column_text]<\/div>\t\t<\/div><\/div>[\/vc_column][\/vc_row][vc_row el_class=\u00a0\u00bbinternal-pages general-room eutopia\u00a0\u00bb][vc_column el_class=\u00a0\u00bbinternal-pages\u00a0\u00bb][vc_column_text css=\u00a0\u00bb\u00a0\u00bb el_class=\u00a0\u00bbgeneral-mega-title eutopia\u00a0\u00bb]<\/p>\n<p style=\"text-align: center;\">&lsquo;Eutopia&rsquo;-le lieu id\u00e9al de la joie et du bonheur!*<\/p>\n<p>[\/vc_column_text][vc_column_text css=\u00a0\u00bb\u00a0\u00bb el_class=\u00a0\u00bbgeneral-description\u00a0\u00bb]<\/p>\n<p style=\"text-align: center;\">Le mot &lsquo;eutopia&rsquo; \u00e9tymologiquement, est une combinaison des mots &lsquo;eu&rsquo; (bon\/id\u00e9al) + &lsquo;topos&rsquo; (lieu) et vise \u00e0 d\u00e9signer un lieu existant o\u00f9 l&rsquo;on peut vraiment vivre bien et heureux contrairement \u00e0 l&rsquo;utopie qui est une chose imaginaire et irr\u00e9alisable.<\/p>\n<p>[\/vc_column_text][vc_row_inner disable_element=\u00a0\u00bbyes\u00a0\u00bb el_class=\u00a0\u00bbtwo-paragraphs\u00a0\u00bb][vc_column_inner][vc_column_text css=\u00a0\u00bb\u00a0\u00bb el_class=\u00a0\u00bbgeneral-title eutopia\u00a0\u00bb]<\/p>\n<p style=\"text-align: center;\">*\u0397 \u03bb\u03ad\u03be\u03b7 \u03b5\u03c5\u03c4\u03bf\u03c0\u03af\u03b1, \u03b5\u03c4\u03c5\u03bc\u03bf\u03bb\u03bf\u03b3\u03b9\u03ba\u03ac, \u03c0\u03c1\u03bf\u03ad\u03c1\u03c7\u03b5\u03c4\u03b1\u03b9 \u03b1\u03c0\u03cc \u03c4\u03b7 \u03c3\u03cd\u03bd\u03b8\u03b5\u03c3\u03b7 \u03c4\u03c9\u03bd \u03bb\u03ad\u03be\u03b5\u03c9\u03bd \u03b5\u03c5 (\u03ba\u03b1\u03bb\u03cc\u03c2\/\u03b9\u03b4\u03b1\u03bd\u03b9\u03ba\u03cc\u03c2) + \u03c4\u03cc\u03c0\u03bf\u03c2 \u03ba\u03b1\u03b9 \u03b8\u03ad\u03bb\u03b5\u03b9 \u03bd\u03b1 \u03b4\u03b5\u03af\u03be\u03b5\u03b9 \u03c4\u03bf \u03c5\u03c0\u03b1\u03c1\u03ba\u03c4\u03cc \u03bc\u03ad\u03c1\u03bf\u03c2, \u03b1\u03c5\u03c4\u03cc \u03c0\u03bf\u03c5 \u03bc\u03c0\u03bf\u03c1\u03b5\u03af\u03c2, \u03c0\u03c1\u03b1\u03b3\u03bc\u03b1\u03c4\u03b9\u03ba\u03ac, \u03bd\u03b1 \u03b6\u03ae\u03c3\u03b5\u03b9\u03c2 \u03ba\u03b1\u03bb\u03ac \u03ba\u03b1\u03b9 \u03c7\u03b1\u03c1\u03bf\u03cd\u03bc\u03b5\u03bd\u03b1, \u03c3\u03b5 \u03b1\u03bd\u03c4\u03af\u03b8\u03b5\u03c3\u03b7 \u03c6\u03c5\u03c3\u03b9\u03ba\u03ac \u03bc\u03b5 \u03c4\u03b7\u03bd \u03bf\u03c5\u03c4\u03bf\u03c0\u03af\u03b1 \u03c0\u03bf\u03c5 \u03b5\u03af\u03bd\u03b1\u03b9 \u03ba\u03ac\u03c4\u03b9 \u03b1\u03bd\u03cd\u03c0\u03b1\u03c1\u03ba\u03c4\u03bf \u03ba\u03b1\u03b9 \u03b1\u03b4\u03cd\u03bd\u03b1\u03c4\u03bf \u03bd\u03b1 \u03c3\u03c5\u03bc\u03b2\u03b5\u03af.<\/p>\n<p>[\/vc_column_text][\/vc_column_inner][\/vc_row_inner][vc_row_inner el_class=\u00a0\u00bbtwo-paragraphs\u00a0\u00bb][vc_column_inner width=\u00a0\u00bb1\/2&Prime;][vc_column_text css=\u00a0\u00bb\u00a0\u00bb el_class=\u00a0\u00bbgeneral-title\u00a0\u00bb]Et quel nom plus appropri\u00e9 pour notre h\u00e9bergement, dont l&rsquo;id\u00e9e est n\u00e9e de notre besoin de cr\u00e9er un lieu d&rsquo;une beaut\u00e9, d&rsquo;un luxe, d&rsquo;une tranquillit\u00e9 et d&rsquo;une intimit\u00e9 sans pr\u00e9c\u00e9dent \u00e0 Vathi sur l\u2019\u00eele de Sifnos afin d&rsquo;offrir la meilleure qualit\u00e9 d\u2019h\u00e9bergement \u00e0 chaque visiteur.[\/vc_column_text][\/vc_column_inner][vc_column_inner width=\u00a0\u00bb1\/2&Prime;][vc_column_text css=\u00a0\u00bb\u00a0\u00bb el_class=\u00a0\u00bbgeneral-title\u00a0\u00bb]Construit sur une colline, Eutopia Suites est un temple de la d\u00e9tente et de bien-\u00eatre dont la principale caract\u00e9ristique est la magnifique vue sur la baie de Vathi qui coupe le souffle et enthousiasme les h\u00f4tes qui ont le privil\u00e8ge de profiter chaque jour de ce spectacle magique de la nature d\u00e8s le lever du soleil.[\/vc_column_text][\/vc_column_inner][\/vc_row_inner][\/vc_column][\/vc_row][vc_row el_class=\u00a0\u00bbinternal-pages eutopia\u00a0\u00bb][vc_column][vc_row_inner el_class=\u00a0\u00bbtwo-images\u00a0\u00bb][vc_column_inner width=\u00a0\u00bb1\/2&Prime;][vc_single_image image=\u00a0\u00bb3836&Prime; img_size=\u00a0\u00bbfull\u00a0\u00bb alignment=\u00a0\u00bbright\u00a0\u00bb][\/vc_column_inner][vc_column_inner width=\u00a0\u00bb1\/2&Prime;][vc_single_image image=\u00a0\u00bb3835&Prime; img_size=\u00a0\u00bbfull\u00a0\u00bb el_class=\u00a0\u00bbcropped-bottom-right\u00a0\u00bb][\/vc_column_inner][\/vc_row_inner][\/vc_column][\/vc_row][vc_row full_width=\u00a0\u00bbstretch_row_content_no_spaces\u00a0\u00bb el_class=\u00a0\u00bbbottom-row\u00a0\u00bb][vc_column][vc_row_inner el_class=\u00a0\u00bbbottom-row_content\u00a0\u00bb][vc_column_inner el_class=\u00a0\u00bbimg\u00a0\u00bb width=\u00a0\u00bb1\/3&Prime;][vc_single_image image=\u00a0\u00bb3833&Prime; img_size=\u00a0\u00bbfull\u00a0\u00bb alignment=\u00a0\u00bbcenter\u00a0\u00bb][\/vc_column_inner][vc_column_inner el_class=\u00a0\u00bbimg right\u00a0\u00bb width=\u00a0\u00bb1\/3&Prime;][vc_single_image image=\u00a0\u00bb2977&Prime; img_size=\u00a0\u00bbfull\u00a0\u00bb alignment=\u00a0\u00bbcenter\u00a0\u00bb el_class=\u00a0\u00bbcropped-bottom-left\u00a0\u00bb][\/vc_column_inner][vc_column_inner el_class=\u00a0\u00bbcontent\u00a0\u00bb width=\u00a0\u00bb1\/3&Prime;][vc_column_text css=\u00a0\u00bb\u00a0\u00bb el_class=\u00a0\u00bbgeneral-title\u00a0\u00bb]<\/p>\n<p style=\"text-align: center;\">FAITES-EN L&rsquo;EXP\u00c9RIENCE<\/p>\n<p>[\/vc_column_text][vc_column_text css=\u00a0\u00bb\u00a0\u00bb el_class=\u00a0\u00bbgeneral-mega-title\u00a0\u00bb]<\/p>\n<p style=\"text-align: center;\">Suggestions pour d\u00e9couvrir l&rsquo;\u00eele<\/p>\n<p>[\/vc_column_text]<span id=\"creative-link-wrap-9469\" class=\"ult_main_cl ult-adjust-bottom-margin button-w-icon \" >\n\t \t\t\t<span class=\"  ult_crlink\" >\n\t\t\t\t\t<a  data-ultimate-target='#creative-link-wrap-9469 .ult_colorlink'  data-responsive-json-new='{\"font-size\":\"\",\"line-height\":\"\"}'  href=\"\/fr\/sifnos\/\"  class=\"ult_colorlink ult-responsive \" style=\"font-weight:normal; \"  data-textcolor=\"#333333\" data-texthover=\"#333333\"data-style=\"\">\n\t\t\t\t\t\t\n\t\t\t\t\t\t<span data-hover=\"LIRE PLUS\" style=\"color:#333333;;;\" class=\"ult_btn10_span   \">LIRE PLUS<\/span>\n\t\t\t\t\t\t\n\t\t\t\t\t<\/a>\n\t\t\t\t<\/span>\n\t\t\t<\/span>[\/vc_column_inner][\/vc_row_inner][\/vc_column][\/vc_row]<\/p>\n<\/div>","protected":false},"excerpt":{"rendered":"<p>[vc_row full_width=\u00a0\u00bbstretch_row_content_no_spaces\u00a0\u00bb el_class=\u00a0\u00bbd-none d-md-block\u00a0\u00bb][vc_column][\/vc_column][\/vc_row][vc_row full_width=\u00a0\u00bbstretch_row_content_no_spaces\u00a0\u00bb el_class=\u00a0\u00bbd-block d-md-none\u00a0\u00bb][vc_column][\/vc_column][\/vc_row][vc_row el_class=\u00a0\u00bbinternal-pages general-room eutopia\u00a0\u00bb][vc_column el_class=\u00a0\u00bbinternal-pages\u00a0\u00bb][vc_column_text css=\u00a0\u00bb\u00a0\u00bb el_class=\u00a0\u00bbgeneral-mega-title eutopia\u00a0\u00bb] &lsquo;Eutopia&rsquo;-le lieu id\u00e9al de la joie et du bonheur!* [\/vc_column_text][vc_column_text css=\u00a0\u00bb\u00a0\u00bb el_class=\u00a0\u00bbgeneral-description\u00a0\u00bb] Le mot &lsquo;eutopia&rsquo; \u00e9tymologiquement, est une combinaison des mots &lsquo;eu&rsquo; (bon\/id\u00e9al) + &lsquo;topos&rsquo; (lieu) et vise \u00e0 d\u00e9signer un lieu existant o\u00f9 l&rsquo;on peut vraiment vivre bien et heureux [&hellip;]<\/p>\n","protected":false},"author":1,"featured_media":0,"parent":0,"menu_order":0,"comment_status":"closed","ping_status":"closed","template":"","meta":{"_acf_changed":false,"inline_featured_image":false,"footnotes":""},"class_list":["post-3831","page","type-page","status-publish","hentry"],"acf":[],"yoast_head":"<!-- This site is optimized with the Yoast SEO plugin v26.9 - https:\/\/yoast.com\/product\/yoast-seo-wordpress\/ -->\n<title>Eutopia - Eutopia Suites<\/title>\n<meta name=\"robots\" content=\"index, follow, max-snippet:-1, max-image-preview:large, max-video-preview:-1\" \/>\n<link rel=\"canonical\" href=\"https:\/\/eutopiasifnos.com\/fr\/eutopia\/\" \/>\n<meta property=\"og:locale\" content=\"fr_FR\" \/>\n<meta property=\"og:type\" content=\"article\" \/>\n<meta property=\"og:title\" content=\"Eutopia - Eutopia Suites\" \/>\n<meta property=\"og:description\" content=\"[vc_row full_width=\u00a0\u00bbstretch_row_content_no_spaces\u00a0\u00bb el_class=\u00a0\u00bbd-none d-md-block\u00a0\u00bb][vc_column][\/vc_column][\/vc_row][vc_row full_width=\u00a0\u00bbstretch_row_content_no_spaces\u00a0\u00bb el_class=\u00a0\u00bbd-block d-md-none\u00a0\u00bb][vc_column][\/vc_column][\/vc_row][vc_row el_class=\u00a0\u00bbinternal-pages general-room eutopia\u00a0\u00bb][vc_column el_class=\u00a0\u00bbinternal-pages\u00a0\u00bb][vc_column_text css=\u00a0\u00bb\u00a0\u00bb el_class=\u00a0\u00bbgeneral-mega-title eutopia\u00a0\u00bb] &lsquo;Eutopia&rsquo;-le lieu id\u00e9al de la joie et du bonheur!* [\/vc_column_text][vc_column_text css=\u00a0\u00bb\u00a0\u00bb el_class=\u00a0\u00bbgeneral-description\u00a0\u00bb] Le mot &lsquo;eutopia&rsquo; \u00e9tymologiquement, est une combinaison des mots &lsquo;eu&rsquo; (bon\/id\u00e9al) + &lsquo;topos&rsquo; (lieu) et vise \u00e0 d\u00e9signer un lieu existant o\u00f9 l&rsquo;on peut vraiment vivre bien et heureux [&hellip;]\" \/>\n<meta property=\"og:url\" content=\"https:\/\/eutopiasifnos.com\/fr\/eutopia\/\" \/>\n<meta property=\"og:site_name\" content=\"Eutopia Suites\" \/>\n<meta property=\"article:modified_time\" content=\"2024-06-05T13:03:51+00:00\" \/>\n<meta name=\"twitter:card\" content=\"summary_large_image\" \/>\n<meta name=\"twitter:label1\" content=\"Dur\u00e9e de lecture estim\u00e9e\" \/>\n\t<meta name=\"twitter:data1\" content=\"3 minutes\" \/>\n<script type=\"application\/ld+json\" class=\"yoast-schema-graph\">{\"@context\":\"https:\/\/schema.org\",\"@graph\":[{\"@type\":\"WebPage\",\"@id\":\"https:\/\/eutopiasifnos.com\/fr\/eutopia\/\",\"url\":\"https:\/\/eutopiasifnos.com\/fr\/eutopia\/\",\"name\":\"Eutopia - Eutopia Suites\",\"isPartOf\":{\"@id\":\"https:\/\/eutopiasifnos.com\/#website\"},\"datePublished\":\"2024-03-07T14:19:29+00:00\",\"dateModified\":\"2024-06-05T13:03:51+00:00\",\"breadcrumb\":{\"@id\":\"https:\/\/eutopiasifnos.com\/fr\/eutopia\/#breadcrumb\"},\"inLanguage\":\"fr-FR\",\"potentialAction\":[{\"@type\":\"ReadAction\",\"target\":[\"https:\/\/eutopiasifnos.com\/fr\/eutopia\/\"]}]},{\"@type\":\"BreadcrumbList\",\"@id\":\"https:\/\/eutopiasifnos.com\/fr\/eutopia\/#breadcrumb\",\"itemListElement\":[{\"@type\":\"ListItem\",\"position\":1,\"name\":\"\u0391\u03c1\u03c7\u03b9\u03ba\u03ae\",\"item\":\"https:\/\/eutopiasifnos.com\/fr\/\"},{\"@type\":\"ListItem\",\"position\":2,\"name\":\"Eutopia\"}]},{\"@type\":\"WebSite\",\"@id\":\"https:\/\/eutopiasifnos.com\/#website\",\"url\":\"https:\/\/eutopiasifnos.com\/\",\"name\":\"Eutopia Suites\",\"description\":\"Sifnos\",\"publisher\":{\"@id\":\"https:\/\/eutopiasifnos.com\/#organization\"},\"potentialAction\":[{\"@type\":\"SearchAction\",\"target\":{\"@type\":\"EntryPoint\",\"urlTemplate\":\"https:\/\/eutopiasifnos.com\/?s={search_term_string}\"},\"query-input\":{\"@type\":\"PropertyValueSpecification\",\"valueRequired\":true,\"valueName\":\"search_term_string\"}}],\"inLanguage\":\"fr-FR\"},{\"@type\":\"Organization\",\"@id\":\"https:\/\/eutopiasifnos.com\/#organization\",\"name\":\"Eutopia Suites\",\"url\":\"https:\/\/eutopiasifnos.com\/\",\"logo\":{\"@type\":\"ImageObject\",\"inLanguage\":\"fr-FR\",\"@id\":\"https:\/\/eutopiasifnos.com\/#\/schema\/logo\/image\/\",\"url\":\"https:\/\/eutopiasifnos.com\/wp-content\/uploads\/2024\/03\/Eutopia-Logo.svg\",\"contentUrl\":\"https:\/\/eutopiasifnos.com\/wp-content\/uploads\/2024\/03\/Eutopia-Logo.svg\",\"width\":166,\"height\":132,\"caption\":\"Eutopia Suites\"},\"image\":{\"@id\":\"https:\/\/eutopiasifnos.com\/#\/schema\/logo\/image\/\"}}]}<\/script>\n<!-- \/ Yoast SEO plugin. -->","yoast_head_json":{"title":"Eutopia - Eutopia Suites","robots":{"index":"index","follow":"follow","max-snippet":"max-snippet:-1","max-image-preview":"max-image-preview:large","max-video-preview":"max-video-preview:-1"},"canonical":"https:\/\/eutopiasifnos.com\/fr\/eutopia\/","og_locale":"fr_FR","og_type":"article","og_title":"Eutopia - Eutopia Suites","og_description":"[vc_row full_width=\u00a0\u00bbstretch_row_content_no_spaces\u00a0\u00bb el_class=\u00a0\u00bbd-none d-md-block\u00a0\u00bb][vc_column][\/vc_column][\/vc_row][vc_row full_width=\u00a0\u00bbstretch_row_content_no_spaces\u00a0\u00bb el_class=\u00a0\u00bbd-block d-md-none\u00a0\u00bb][vc_column][\/vc_column][\/vc_row][vc_row el_class=\u00a0\u00bbinternal-pages general-room eutopia\u00a0\u00bb][vc_column el_class=\u00a0\u00bbinternal-pages\u00a0\u00bb][vc_column_text css=\u00a0\u00bb\u00a0\u00bb el_class=\u00a0\u00bbgeneral-mega-title eutopia\u00a0\u00bb] &lsquo;Eutopia&rsquo;-le lieu id\u00e9al de la joie et du bonheur!* [\/vc_column_text][vc_column_text css=\u00a0\u00bb\u00a0\u00bb el_class=\u00a0\u00bbgeneral-description\u00a0\u00bb] Le mot &lsquo;eutopia&rsquo; \u00e9tymologiquement, est une combinaison des mots &lsquo;eu&rsquo; (bon\/id\u00e9al) + &lsquo;topos&rsquo; (lieu) et vise \u00e0 d\u00e9signer un lieu existant o\u00f9 l&rsquo;on peut vraiment vivre bien et heureux [&hellip;]","og_url":"https:\/\/eutopiasifnos.com\/fr\/eutopia\/","og_site_name":"Eutopia Suites","article_modified_time":"2024-06-05T13:03:51+00:00","twitter_card":"summary_large_image","twitter_misc":{"Dur\u00e9e de lecture estim\u00e9e":"3 minutes"},"schema":{"@context":"https:\/\/schema.org","@graph":[{"@type":"WebPage","@id":"https:\/\/eutopiasifnos.com\/fr\/eutopia\/","url":"https:\/\/eutopiasifnos.com\/fr\/eutopia\/","name":"Eutopia - Eutopia Suites","isPartOf":{"@id":"https:\/\/eutopiasifnos.com\/#website"},"datePublished":"2024-03-07T14:19:29+00:00","dateModified":"2024-06-05T13:03:51+00:00","breadcrumb":{"@id":"https:\/\/eutopiasifnos.com\/fr\/eutopia\/#breadcrumb"},"inLanguage":"fr-FR","potentialAction":[{"@type":"ReadAction","target":["https:\/\/eutopiasifnos.com\/fr\/eutopia\/"]}]},{"@type":"BreadcrumbList","@id":"https:\/\/eutopiasifnos.com\/fr\/eutopia\/#breadcrumb","itemListElement":[{"@type":"ListItem","position":1,"name":"\u0391\u03c1\u03c7\u03b9\u03ba\u03ae","item":"https:\/\/eutopiasifnos.com\/fr\/"},{"@type":"ListItem","position":2,"name":"Eutopia"}]},{"@type":"WebSite","@id":"https:\/\/eutopiasifnos.com\/#website","url":"https:\/\/eutopiasifnos.com\/","name":"Eutopia Suites","description":"Sifnos","publisher":{"@id":"https:\/\/eutopiasifnos.com\/#organization"},"potentialAction":[{"@type":"SearchAction","target":{"@type":"EntryPoint","urlTemplate":"https:\/\/eutopiasifnos.com\/?s={search_term_string}"},"query-input":{"@type":"PropertyValueSpecification","valueRequired":true,"valueName":"search_term_string"}}],"inLanguage":"fr-FR"},{"@type":"Organization","@id":"https:\/\/eutopiasifnos.com\/#organization","name":"Eutopia Suites","url":"https:\/\/eutopiasifnos.com\/","logo":{"@type":"ImageObject","inLanguage":"fr-FR","@id":"https:\/\/eutopiasifnos.com\/#\/schema\/logo\/image\/","url":"https:\/\/eutopiasifnos.com\/wp-content\/uploads\/2024\/03\/Eutopia-Logo.svg","contentUrl":"https:\/\/eutopiasifnos.com\/wp-content\/uploads\/2024\/03\/Eutopia-Logo.svg","width":166,"height":132,"caption":"Eutopia Suites"},"image":{"@id":"https:\/\/eutopiasifnos.com\/#\/schema\/logo\/image\/"}}]}},"_links":{"self":[{"href":"https:\/\/eutopiasifnos.com\/fr\/wp-json\/wp\/v2\/pages\/3831","targetHints":{"allow":["GET"]}}],"collection":[{"href":"https:\/\/eutopiasifnos.com\/fr\/wp-json\/wp\/v2\/pages"}],"about":[{"href":"https:\/\/eutopiasifnos.com\/fr\/wp-json\/wp\/v2\/types\/page"}],"author":[{"embeddable":true,"href":"https:\/\/eutopiasifnos.com\/fr\/wp-json\/wp\/v2\/users\/1"}],"replies":[{"embeddable":true,"href":"https:\/\/eutopiasifnos.com\/fr\/wp-json\/wp\/v2\/comments?post=3831"}],"version-history":[{"count":6,"href":"https:\/\/eutopiasifnos.com\/fr\/wp-json\/wp\/v2\/pages\/3831\/revisions"}],"predecessor-version":[{"id":4114,"href":"https:\/\/eutopiasifnos.com\/fr\/wp-json\/wp\/v2\/pages\/3831\/revisions\/4114"}],"wp:attachment":[{"href":"https:\/\/eutopiasifnos.com\/fr\/wp-json\/wp\/v2\/media?parent=3831"}],"curies":[{"name":"wp","href":"https:\/\/api.w.org\/{rel}","templated":true}]}}